{"id":13968,"date":"2023-04-20T12:25:12","date_gmt":"2023-04-20T12:25:12","guid":{"rendered":"https:\/\/www.traiteur-saintlouis.fr\/?page_id=13968"},"modified":"2024-01-10T09:33:06","modified_gmt":"2024-01-10T09:33:06","slug":"specialites","status":"publish","type":"page","link":"https:\/\/www.traiteur-saintlouis.fr\/?page_id=13968","title":{"rendered":"Sp\u00e9cialit\u00e9s"},"content":{"rendered":"<section class=\"wpb-content-wrapper\"><p>[vc_row full_width=\u00a0\u00bbstretch_row\u00a0\u00bb][vc_column el_align=\u00a0\u00bbcenter\u00a0\u00bb]<div class='dt-sc-title with-image with-sub-title aligncenter'><h4><\/h4><h2><\/h2><p><img loading=\"lazy\" decoding=\"async\" width=\"50\" height=\"50\" src=\"https:\/\/www.traiteur-saintlouis.fr\/wp-content\/uploads\/2018\/04\/flower-decor-2.png\" class=\"attachment-full\" alt=\"flower-decor-2\" title=\"flower-decor-2\" srcset=\"https:\/\/www.traiteur-saintlouis.fr\/wp-content\/uploads\/2018\/04\/flower-decor-2.png 50w, https:\/\/www.traiteur-saintlouis.fr\/wp-content\/uploads\/2018\/04\/flower-decor-2-100x100.png 100w\" sizes=\"auto, (max-width: 50px) 100vw, 50px\" \/><\/p><\/div>[vc_column_text el_class=\u00a0\u00bbdt-sc-intro-text\u00a0\u00bb]<\/p>\n<h2>Laissez vous transporter dans un tourbillon de saveurs gr\u00e2ce \u00e0 nos sp\u00e9cialit\u00e9s !<\/h2>\n<p>[\/vc_column_text]<div id=\"1524210090117-fa54dca5-59b6\" class=\"dt-sc-empty-space\"><\/div>[\/vc_column][\/vc_row][vc_row][vc_column]<div id=\"1524211782250-736d7c02-5183\" class=\"dt-sc-empty-space\"><\/div>[vc_row_inner content_placement=\u00a0\u00bbmiddle\u00a0\u00bb][vc_column_inner el_align=\u00a0\u00bbright\u00a0\u00bb el_class=\u00a0\u00bbrs_col-sm-12&Prime; width=\u00a0\u00bb1\/2&Prime;]<div class='dt-sc-title with-image with-sub-title alignright'><h4>Charcuterie<\/h4><h2>Fromage de t\u00eate<\/h2><p><img loading=\"lazy\" decoding=\"async\" width=\"50\" height=\"50\" src=\"https:\/\/www.traiteur-saintlouis.fr\/wp-content\/uploads\/2018\/04\/flower-decor-2.png\" class=\"attachment-full\" alt=\"flower-decor-2\" title=\"flower-decor-2\" srcset=\"https:\/\/www.traiteur-saintlouis.fr\/wp-content\/uploads\/2018\/04\/flower-decor-2.png 50w, https:\/\/www.traiteur-saintlouis.fr\/wp-content\/uploads\/2018\/04\/flower-decor-2-100x100.png 100w\" sizes=\"auto, (max-width: 50px) 100vw, 50px\" \/><\/p><\/div>[vc_column_text][\/vc_column_text]<div id=\"1535971005121-86a7a236-0f53\" class=\"dt-sc-empty-space\"><\/div>[\/vc_column_inner][vc_column_inner el_class=\u00a0\u00bbrs_col-sm-12&Prime; width=\u00a0\u00bb1\/2&Prime;][vc_single_image image=\u00a0\u00bb14385&Prime; img_size=\u00a0\u00bb420 x 450&Prime; alignment=\u00a0\u00bbcenter\u00a0\u00bb el_class=\u00a0\u00bbdt-image-with-corner-frame\u00a0\u00bb][\/vc_column_inner][\/vc_row_inner]<div id=\"1524211793541-d991aaef-8bfd\" class=\"dt-sc-empty-space\"><\/div>[vc_row_inner content_placement=\u00a0\u00bbmiddle\u00a0\u00bb][vc_column_inner el_class=\u00a0\u00bbrs_col-sm-12&Prime; width=\u00a0\u00bb1\/2&Prime;][vc_single_image image=\u00a0\u00bb14333&Prime; img_size=\u00a0\u00bb420 x 450&Prime; alignment=\u00a0\u00bbcenter\u00a0\u00bb el_class=\u00a0\u00bbdt-image-with-corner-frame\u00a0\u00bb]<div id=\"1681993069111-563c4def-2a53\" class=\"dt-sc-empty-space\"><\/div>[\/vc_column_inner][vc_column_inner el_align=\u00a0\u00bbleft\u00a0\u00bb el_class=\u00a0\u00bbrs_col-sm-12&Prime; width=\u00a0\u00bb1\/2&Prime;]<div class='dt-sc-title with-image with-sub-title alignleft'><h4>Charcuterie<\/h4><h2>Jambon de bourgogne<\/h2><p><img loading=\"lazy\" decoding=\"async\" width=\"50\" height=\"50\" src=\"https:\/\/www.traiteur-saintlouis.fr\/wp-content\/uploads\/2018\/04\/flower-decor-2.png\" class=\"attachment-full\" alt=\"flower-decor-2\" title=\"flower-decor-2\" srcset=\"https:\/\/www.traiteur-saintlouis.fr\/wp-content\/uploads\/2018\/04\/flower-decor-2.png 50w, https:\/\/www.traiteur-saintlouis.fr\/wp-content\/uploads\/2018\/04\/flower-decor-2-100x100.png 100w\" sizes=\"auto, (max-width: 50px) 100vw, 50px\" \/><\/p><\/div>[vc_column_text][\/vc_column_text][\/vc_column_inner][\/vc_row_inner]<div id=\"1524286228304-2ae5e0e6-6ed0\" class=\"dt-sc-empty-space\"><\/div>[vc_row_inner content_placement=\u00a0\u00bbmiddle\u00a0\u00bb][vc_column_inner el_align=\u00a0\u00bbright\u00a0\u00bb el_class=\u00a0\u00bbrs_col-sm-12&Prime; width=\u00a0\u00bb1\/2&Prime;]<div class='dt-sc-title with-image with-sub-title alignright'><h4>Charcuterie<\/h4><h2>P\u00e2t\u00e9 en croute<\/h2><p><img loading=\"lazy\" decoding=\"async\" width=\"50\" height=\"50\" src=\"https:\/\/www.traiteur-saintlouis.fr\/wp-content\/uploads\/2018\/04\/flower-decor-2.png\" class=\"attachment-full\" alt=\"flower-decor-2\" title=\"flower-decor-2\" srcset=\"https:\/\/www.traiteur-saintlouis.fr\/wp-content\/uploads\/2018\/04\/flower-decor-2.png 50w, https:\/\/www.traiteur-saintlouis.fr\/wp-content\/uploads\/2018\/04\/flower-decor-2-100x100.png 100w\" sizes=\"auto, (max-width: 50px) 100vw, 50px\" \/><\/p><\/div>[vc_column_text][\/vc_column_text]<div id=\"1535971027260-fe13cfc6-069f\" class=\"dt-sc-empty-space\"><\/div>[\/vc_column_inner][vc_column_inner el_class=\u00a0\u00bbrs_col-sm-12&Prime; width=\u00a0\u00bb1\/2&Prime;][vc_single_image image=\u00a0\u00bb14269&Prime; img_size=\u00a0\u00bb420 x 450&Prime; alignment=\u00a0\u00bbcenter\u00a0\u00bb el_class=\u00a0\u00bbdt-image-with-corner-frame\u00a0\u00bb][\/vc_column_inner][\/vc_row_inner]<div id=\"1524230602685-c745ee94-db4e\" class=\"dt-sc-empty-space\"><\/div>[vc_row_inner content_placement=\u00a0\u00bbmiddle\u00a0\u00bb][vc_column_inner el_class=\u00a0\u00bbrs_col-sm-12&Prime; width=\u00a0\u00bb1\/2&Prime;][vc_single_image image=\u00a0\u00bb14338&Prime; img_size=\u00a0\u00bb420 x 450&Prime; alignment=\u00a0\u00bbcenter\u00a0\u00bb el_class=\u00a0\u00bbdt-image-with-corner-frame\u00a0\u00bb]<div id=\"1535971016039-b45506a0-a5e4\" class=\"dt-sc-empty-space\"><\/div>[\/vc_column_inner][vc_column_inner el_align=\u00a0\u00bbleft\u00a0\u00bb el_class=\u00a0\u00bbrs_col-sm-12&Prime; width=\u00a0\u00bb1\/2&Prime;]<div class='dt-sc-title with-image with-sub-title alignleft'><h4>Charcuterie<\/h4><h2>Terrine de p\u00e2t\u00e9 maison<\/h2><p><img loading=\"lazy\" decoding=\"async\" width=\"50\" height=\"50\" src=\"https:\/\/www.traiteur-saintlouis.fr\/wp-content\/uploads\/2018\/04\/flower-decor-2.png\" class=\"attachment-full\" alt=\"flower-decor-2\" title=\"flower-decor-2\" srcset=\"https:\/\/www.traiteur-saintlouis.fr\/wp-content\/uploads\/2018\/04\/flower-decor-2.png 50w, https:\/\/www.traiteur-saintlouis.fr\/wp-content\/uploads\/2018\/04\/flower-decor-2-100x100.png 100w\" sizes=\"auto, (max-width: 50px) 100vw, 50px\" \/><\/p><\/div>[vc_column_text][\/vc_column_text][\/vc_column_inner][\/vc_row_inner]<div id=\"1681993234518-22184792-6281\" class=\"dt-sc-empty-space\"><\/div>[vc_row_inner content_placement=\u00a0\u00bbmiddle\u00a0\u00bb][vc_column_inner el_align=\u00a0\u00bbright\u00a0\u00bb el_class=\u00a0\u00bbrs_col-sm-12&Prime; width=\u00a0\u00bb1\/2&Prime;]<div class='dt-sc-title with-image with-sub-title alignright'><h4>Charcuterie<\/h4><h2>Boudin noir<\/h2><p><img loading=\"lazy\" decoding=\"async\" width=\"50\" height=\"50\" src=\"https:\/\/www.traiteur-saintlouis.fr\/wp-content\/uploads\/2018\/04\/flower-decor-2.png\" class=\"attachment-full\" alt=\"flower-decor-2\" title=\"flower-decor-2\" srcset=\"https:\/\/www.traiteur-saintlouis.fr\/wp-content\/uploads\/2018\/04\/flower-decor-2.png 50w, https:\/\/www.traiteur-saintlouis.fr\/wp-content\/uploads\/2018\/04\/flower-decor-2-100x100.png 100w\" sizes=\"auto, (max-width: 50px) 100vw, 50px\" \/><\/p><\/div>[vc_column_text][\/vc_column_text]<div id=\"1681993191847-350b0cce-e656\" class=\"dt-sc-empty-space\"><\/div>[\/vc_column_inner][vc_column_inner el_class=\u00a0\u00bbrs_col-sm-12&Prime; width=\u00a0\u00bb1\/2&Prime;][vc_single_image image=\u00a0\u00bb14331&Prime; img_size=\u00a0\u00bb420 x 450&Prime; alignment=\u00a0\u00bbcenter\u00a0\u00bb el_class=\u00a0\u00bbdt-image-with-corner-frame\u00a0\u00bb][\/vc_column_inner][\/vc_row_inner]<div id=\"1681993239665-3f1a23ff-41e7\" class=\"dt-sc-empty-space\"><\/div>[vc_row_inner content_placement=\u00a0\u00bbmiddle\u00a0\u00bb][vc_column_inner el_class=\u00a0\u00bbrs_col-sm-12&Prime; width=\u00a0\u00bb1\/2&Prime;][vc_single_image image=\u00a0\u00bb14335&Prime; img_size=\u00a0\u00bb420 x 450&Prime; alignment=\u00a0\u00bbcenter\u00a0\u00bb el_class=\u00a0\u00bbdt-image-with-corner-frame\u00a0\u00bb]<div id=\"1681993219210-b500a29c-7af4\" class=\"dt-sc-empty-space\"><\/div>[\/vc_column_inner][vc_column_inner el_align=\u00a0\u00bbleft\u00a0\u00bb el_class=\u00a0\u00bbrs_col-sm-12&Prime; width=\u00a0\u00bb1\/2&Prime;]<div class='dt-sc-title with-image with-sub-title alignleft'><h4>Charcuterie<\/h4><h2>Rillettes d'oie et porc<\/h2><p><img loading=\"lazy\" decoding=\"async\" width=\"50\" height=\"50\" src=\"https:\/\/www.traiteur-saintlouis.fr\/wp-content\/uploads\/2018\/04\/flower-decor-2.png\" class=\"attachment-full\" alt=\"flower-decor-2\" title=\"flower-decor-2\" srcset=\"https:\/\/www.traiteur-saintlouis.fr\/wp-content\/uploads\/2018\/04\/flower-decor-2.png 50w, https:\/\/www.traiteur-saintlouis.fr\/wp-content\/uploads\/2018\/04\/flower-decor-2-100x100.png 100w\" sizes=\"auto, (max-width: 50px) 100vw, 50px\" \/><\/p><\/div>[vc_column_text][\/vc_column_text][\/vc_column_inner][\/vc_row_inner]<div id=\"1681993640672-0d66c7db-47f5\" class=\"dt-sc-empty-space\"><\/div>[\/vc_column][\/vc_row][vc_row full_width=\u00a0\u00bbstretch_row\u00a0\u00bb bg_type=\u00a0\u00bbimage\u00a0\u00bb parallax_style=\u00a0\u00bbvcpb-vz-jquery\u00a0\u00bb bg_image_new=\u00a0\u00bbid^8810|url^https:\/\/www.traiteur-saintlouis.fr\/wp-content\/uploads\/2018\/04\/event-parallax.jpg|caption^null|alt^event-parallax|title^event-parallax|description^null\u00a0\u00bb bg_image_repeat=\u00a0\u00bbno-repeat\u00a0\u00bb bg_override=\u00a0\u00bbex-full\u00a0\u00bb fadeout_row=\u00a0\u00bbfadeout_row_value\u00a0\u00bb fadeout_start_effect=\u00a0\u00bb60&Prime; enable_overlay=\u00a0\u00bbenable_overlay_value\u00a0\u00bb overlay_color=\u00a0\u00bbrgba(0,0,0,0.7)\u00a0\u00bb el_class=\u00a0\u00bbdt-sc-dark-bg\u00a0\u00bb css=\u00a0\u00bb.vc_custom_1684155407538{background-image: url(https:\/\/www.traiteur-saintlouis.fr\/wp-content\/uploads\/2023\/05\/ban2.png?id=14271) !important;}\u00a0\u00bb][vc_column el_align=\u00a0\u00bbcenter\u00a0\u00bb]<div id=\"1523865091863-22bcea49-a84b\" class=\"dt-sc-empty-space\"><\/div><div class='dt-sc-title script-with-sub-title '><h3>Le meilleur pour vos<\/h3><h4>\u00e9v\u00e9nements<\/h4><\/div><div id=\"1523865091959-7c03b318-c4ba\" class=\"dt-sc-empty-space\"><\/div>[\/vc_column][\/vc_row]<\/p>\n<\/section>","protected":false},"excerpt":{"rendered":"<p>[vc_row full_width=\u00a0\u00bbstretch_row\u00a0\u00bb][vc_column el_align=\u00a0\u00bbcenter\u00a0\u00bb][vc_column_text el_class=\u00a0\u00bbdt-sc-intro-text\u00a0\u00bb] Laissez vous transporter dans un tourbillon de saveurs gr\u00e2ce \u00e0 nos sp\u00e9cialit\u00e9s ! [\/vc_column_text][\/vc_column][\/vc_row][vc_row][vc_column][vc_row_inner content_placement=\u00a0\u00bbmiddle\u00a0\u00bb][vc_column_inner el_align=\u00a0\u00bbright\u00a0\u00bb el_class=\u00a0\u00bbrs_col-sm-12&Prime; width=\u00a0\u00bb1\/2&Prime;][vc_column_text][\/vc_column_text][\/vc_column_inner][vc_column_inner el_class=\u00a0\u00bbrs_col-sm-12&Prime; width=\u00a0\u00bb1\/2&Prime;][vc_single_image image=\u00a0\u00bb14385&Prime; img_size=\u00a0\u00bb420 x 450&Prime; alignment=\u00a0\u00bbcenter\u00a0\u00bb el_class=\u00a0\u00bbdt-image-with-corner-frame\u00a0\u00bb][\/vc_column_inner][\/vc_row_inner][vc_row_inner content_placement=\u00a0\u00bbmiddle\u00a0\u00bb][vc_column_inner el_class=\u00a0\u00bbrs_col-sm-12&Prime; width=\u00a0\u00bb1\/2&Prime;][vc_single_image image=\u00a0\u00bb14333&Prime; img_size=\u00a0\u00bb420 x 450&Prime; alignment=\u00a0\u00bbcenter\u00a0\u00bb el_class=\u00a0\u00bbdt-image-with-corner-frame\u00a0\u00bb][\/vc_column_inner][vc_column_inner el_align=\u00a0\u00bbleft\u00a0\u00bb el_class=\u00a0\u00bbrs_col-sm-12&Prime; width=\u00a0\u00bb1\/2&Prime;][vc_column_text][\/vc_column_text][\/vc_column_inner][\/vc_row_inner][vc_row_inner content_placement=\u00a0\u00bbmiddle\u00a0\u00bb][vc_column_inner el_align=\u00a0\u00bbright\u00a0\u00bb el_class=\u00a0\u00bbrs_col-sm-12&Prime; width=\u00a0\u00bb1\/2&Prime;][vc_column_text][\/vc_column_text][\/vc_column_inner][vc_column_inner el_class=\u00a0\u00bbrs_col-sm-12&Prime; width=\u00a0\u00bb1\/2&Prime;][vc_single_image image=\u00a0\u00bb14269&Prime; img_size=\u00a0\u00bb420 x 450&Prime; alignment=\u00a0\u00bbcenter\u00a0\u00bb el_class=\u00a0\u00bbdt-image-with-corner-frame\u00a0\u00bb][\/vc_column_inner][\/vc_row_inner][vc_row_inner content_placement=\u00a0\u00bbmiddle\u00a0\u00bb][vc_column_inner [&hellip;]<\/p>\n","protected":false},"author":1,"featured_media":0,"parent":0,"menu_order":0,"comment_status":"closed","ping_status":"closed","template":"","meta":{"tpgb_global_settings":"","footnotes":""},"class_list":["post-13968","page","type-page","status-publish","hentry"],"yoast_head":"<!-- This site is optimized with the Yoast SEO plugin v27.3 - https:\/\/yoast.com\/product\/yoast-seo-wordpress\/ -->\n<title>Sp\u00e9cialit\u00e9s - Traiteur Saint Louis<\/title>\n<meta name=\"description\" content=\"ici vous retrouverai nos sp\u00e9cialit\u00e9s :Fromage De T\u00eate ; Jambon De Bourgogne ;P\u00e2t\u00e9 En Croute; Terrine De P\u00e2t\u00e9 Maison; Boudin Noir ; Rillettes D&#039;oie Et Porc.\" \/>\n<meta name=\"robots\" content=\"index, follow, max-snippet:-1, max-image-preview:large, max-video-preview:-1\" \/>\n<link rel=\"canonical\" href=\"https:\/\/www.traiteur-saintlouis.fr\/?page_id=13968\" \/>\n<meta property=\"og:locale\" content=\"fr_FR\" \/>\n<meta property=\"og:type\" content=\"article\" \/>\n<meta property=\"og:title\" content=\"Sp\u00e9cialit\u00e9s - Traiteur Saint Louis\" \/>\n<meta property=\"og:description\" content=\"ici vous retrouverai nos sp\u00e9cialit\u00e9s :Fromage De T\u00eate ; Jambon De Bourgogne ;P\u00e2t\u00e9 En Croute; Terrine De P\u00e2t\u00e9 Maison; Boudin Noir ; Rillettes D&#039;oie Et Porc.\" \/>\n<meta property=\"og:url\" content=\"https:\/\/www.traiteur-saintlouis.fr\/?page_id=13968\" \/>\n<meta property=\"og:site_name\" content=\"Traiteur Saint Louis\" \/>\n<meta property=\"article:modified_time\" content=\"2024-01-10T09:33:06+00:00\" \/>\n<meta name=\"twitter:card\" content=\"summary_large_image\" \/>\n<meta name=\"twitter:label1\" content=\"Dur\u00e9e de lecture estim\u00e9e\" \/>\n\t<meta name=\"twitter:data1\" content=\"2 minutes\" \/>\n<script type=\"application\/ld+json\" class=\"yoast-schema-graph\">{\"@context\":\"https:\\\/\\\/schema.org\",\"@graph\":[{\"@type\":\"WebPage\",\"@id\":\"https:\\\/\\\/www.traiteur-saintlouis.fr\\\/?page_id=13968\",\"url\":\"https:\\\/\\\/www.traiteur-saintlouis.fr\\\/?page_id=13968\",\"name\":\"Sp\u00e9cialit\u00e9s - Traiteur Saint Louis\",\"isPartOf\":{\"@id\":\"https:\\\/\\\/www.traiteur-saintlouis.fr\\\/#website\"},\"datePublished\":\"2023-04-20T12:25:12+00:00\",\"dateModified\":\"2024-01-10T09:33:06+00:00\",\"description\":\"ici vous retrouverai nos sp\u00e9cialit\u00e9s :Fromage De T\u00eate ; Jambon De Bourgogne ;P\u00e2t\u00e9 En Croute; Terrine De P\u00e2t\u00e9 Maison; Boudin Noir ; Rillettes D'oie Et Porc.\",\"breadcrumb\":{\"@id\":\"https:\\\/\\\/www.traiteur-saintlouis.fr\\\/?page_id=13968#breadcrumb\"},\"inLanguage\":\"fr-FR\",\"potentialAction\":[{\"@type\":\"ReadAction\",\"target\":[\"https:\\\/\\\/www.traiteur-saintlouis.fr\\\/?page_id=13968\"]}]},{\"@type\":\"BreadcrumbList\",\"@id\":\"https:\\\/\\\/www.traiteur-saintlouis.fr\\\/?page_id=13968#breadcrumb\",\"itemListElement\":[{\"@type\":\"ListItem\",\"position\":1,\"name\":\"Accueil\",\"item\":\"https:\\\/\\\/www.traiteur-saintlouis.fr\\\/\"},{\"@type\":\"ListItem\",\"position\":2,\"name\":\"Sp\u00e9cialit\u00e9s\"}]},{\"@type\":\"WebSite\",\"@id\":\"https:\\\/\\\/www.traiteur-saintlouis.fr\\\/#website\",\"url\":\"https:\\\/\\\/www.traiteur-saintlouis.fr\\\/\",\"name\":\"Traiteur Saint Louis\",\"description\":\"\",\"potentialAction\":[{\"@type\":\"SearchAction\",\"target\":{\"@type\":\"EntryPoint\",\"urlTemplate\":\"https:\\\/\\\/www.traiteur-saintlouis.fr\\\/?s={search_term_string}\"},\"query-input\":{\"@type\":\"PropertyValueSpecification\",\"valueRequired\":true,\"valueName\":\"search_term_string\"}}],\"inLanguage\":\"fr-FR\"}]}<\/script>\n<!-- \/ Yoast SEO plugin. -->","yoast_head_json":{"title":"Sp\u00e9cialit\u00e9s - Traiteur Saint Louis","description":"ici vous retrouverai nos sp\u00e9cialit\u00e9s :Fromage De T\u00eate ; Jambon De Bourgogne ;P\u00e2t\u00e9 En Croute; Terrine De P\u00e2t\u00e9 Maison; Boudin Noir ; Rillettes D'oie Et Porc.","robots":{"index":"index","follow":"follow","max-snippet":"max-snippet:-1","max-image-preview":"max-image-preview:large","max-video-preview":"max-video-preview:-1"},"canonical":"https:\/\/www.traiteur-saintlouis.fr\/?page_id=13968","og_locale":"fr_FR","og_type":"article","og_title":"Sp\u00e9cialit\u00e9s - Traiteur Saint Louis","og_description":"ici vous retrouverai nos sp\u00e9cialit\u00e9s :Fromage De T\u00eate ; Jambon De Bourgogne ;P\u00e2t\u00e9 En Croute; Terrine De P\u00e2t\u00e9 Maison; Boudin Noir ; Rillettes D'oie Et Porc.","og_url":"https:\/\/www.traiteur-saintlouis.fr\/?page_id=13968","og_site_name":"Traiteur Saint Louis","article_modified_time":"2024-01-10T09:33:06+00:00","twitter_card":"summary_large_image","twitter_misc":{"Dur\u00e9e de lecture estim\u00e9e":"2 minutes"},"schema":{"@context":"https:\/\/schema.org","@graph":[{"@type":"WebPage","@id":"https:\/\/www.traiteur-saintlouis.fr\/?page_id=13968","url":"https:\/\/www.traiteur-saintlouis.fr\/?page_id=13968","name":"Sp\u00e9cialit\u00e9s - Traiteur Saint Louis","isPartOf":{"@id":"https:\/\/www.traiteur-saintlouis.fr\/#website"},"datePublished":"2023-04-20T12:25:12+00:00","dateModified":"2024-01-10T09:33:06+00:00","description":"ici vous retrouverai nos sp\u00e9cialit\u00e9s :Fromage De T\u00eate ; Jambon De Bourgogne ;P\u00e2t\u00e9 En Croute; Terrine De P\u00e2t\u00e9 Maison; Boudin Noir ; Rillettes D'oie Et Porc.","breadcrumb":{"@id":"https:\/\/www.traiteur-saintlouis.fr\/?page_id=13968#breadcrumb"},"inLanguage":"fr-FR","potentialAction":[{"@type":"ReadAction","target":["https:\/\/www.traiteur-saintlouis.fr\/?page_id=13968"]}]},{"@type":"BreadcrumbList","@id":"https:\/\/www.traiteur-saintlouis.fr\/?page_id=13968#breadcrumb","itemListElement":[{"@type":"ListItem","position":1,"name":"Accueil","item":"https:\/\/www.traiteur-saintlouis.fr\/"},{"@type":"ListItem","position":2,"name":"Sp\u00e9cialit\u00e9s"}]},{"@type":"WebSite","@id":"https:\/\/www.traiteur-saintlouis.fr\/#website","url":"https:\/\/www.traiteur-saintlouis.fr\/","name":"Traiteur Saint Louis","description":"","potentialAction":[{"@type":"SearchAction","target":{"@type":"EntryPoint","urlTemplate":"https:\/\/www.traiteur-saintlouis.fr\/?s={search_term_string}"},"query-input":{"@type":"PropertyValueSpecification","valueRequired":true,"valueName":"search_term_string"}}],"inLanguage":"fr-FR"}]}},"tpgb_featured_images":null,"tpgb_post_meta_info":{"get_date":"20 avril 2023","get_modified_date":"10 janvier 2024","author_name":"admin","author_url":"https:\/\/www.traiteur-saintlouis.fr\/?author=1","author_email":"sgourlay@assistech.fr","author_website":"","author_description":"","author_facebook":"","author_twitter":"","author_instagram":"","author_role":["administrator"],"author_firstname":"","author_lastname":"","user_login":"mpalisson_g27afciq","author_avatar":"<img alt='' src='https:\/\/secure.gravatar.com\/avatar\/abc1cd86b31d3f971d1e7ef2b971026af741d136da3dca837fbb9bd2f86ef308?s=200&#038;d=mm&#038;r=g' srcset='https:\/\/secure.gravatar.com\/avatar\/abc1cd86b31d3f971d1e7ef2b971026af741d136da3dca837fbb9bd2f86ef308?s=400&#038;d=mm&#038;r=g 2x' class='avatar avatar-200 photo' height='200' width='200' loading='lazy' decoding='async'\/>","author_avatar_url":"https:\/\/secure.gravatar.com\/avatar\/abc1cd86b31d3f971d1e7ef2b971026af741d136da3dca837fbb9bd2f86ef308?s=96&d=mm&r=g","comment_count":0,"post_likes":0,"post_views":0},"tpgb_post_category":[],"_links":{"self":[{"href":"https:\/\/www.traiteur-saintlouis.fr\/index.php?rest_route=\/wp\/v2\/pages\/13968","targetHints":{"allow":["GET"]}}],"collection":[{"href":"https:\/\/www.traiteur-saintlouis.fr\/index.php?rest_route=\/wp\/v2\/pages"}],"about":[{"href":"https:\/\/www.traiteur-saintlouis.fr\/index.php?rest_route=\/wp\/v2\/types\/page"}],"author":[{"embeddable":true,"href":"https:\/\/www.traiteur-saintlouis.fr\/index.php?rest_route=\/wp\/v2\/users\/1"}],"replies":[{"embeddable":true,"href":"https:\/\/www.traiteur-saintlouis.fr\/index.php?rest_route=%2Fwp%2Fv2%2Fcomments&post=13968"}],"version-history":[{"count":25,"href":"https:\/\/www.traiteur-saintlouis.fr\/index.php?rest_route=\/wp\/v2\/pages\/13968\/revisions"}],"predecessor-version":[{"id":14408,"href":"https:\/\/www.traiteur-saintlouis.fr\/index.php?rest_route=\/wp\/v2\/pages\/13968\/revisions\/14408"}],"wp:attachment":[{"href":"https:\/\/www.traiteur-saintlouis.fr\/index.php?rest_route=%2Fwp%2Fv2%2Fmedia&parent=13968"}],"curies":[{"name":"wp","href":"https:\/\/api.w.org\/{rel}","templated":true}]}}