{"id":14,"date":"2018-04-13T04:56:44","date_gmt":"2018-04-13T04:56:44","guid":{"rendered":"http:\/\/kudil.local\/?page_id=14"},"modified":"2026-03-26T13:49:23","modified_gmt":"2026-03-26T13:49:23","slug":"home","status":"publish","type":"page","link":"https:\/\/www.traiteur-saintlouis.fr\/","title":{"rendered":"Accueil"},"content":{"rendered":"<section class=\"wpb-content-wrapper\"><p>[vc_section bully_section=\u00a0\u00bbyes\u00a0\u00bb][vc_row][vc_column el_align=\u00a0\u00bbcenter\u00a0\u00bb][\/vc_column][\/vc_row][vc_row][vc_column][vc_row_inner content_placement=\u00a0\u00bbmiddle\u00a0\u00bb][vc_column_inner el_align=\u00a0\u00bbcenter\u00a0\u00bb el_class=\u00a0\u00bbrs_col-sm-12&Prime; width=\u00a0\u00bb1\/2&Prime; offset=\u00a0\u00bbvc_col-lg-6 vc_col-md-12&Prime;]<div class='dt-sc-title with-image with-sub-title aligncenter'><h4>Nos<\/h4><h2>Produits<\/h2><p><img loading=\"lazy\" decoding=\"async\" width=\"43\" height=\"43\" src=\"https:\/\/www.traiteur-saintlouis.fr\/wp-content\/uploads\/2018\/04\/flower-decor.png\" class=\"attachment-full\" alt=\"flower-decor\" title=\"flower-decor\" srcset=\"https:\/\/www.traiteur-saintlouis.fr\/wp-content\/uploads\/2018\/04\/flower-decor.png 43w, https:\/\/www.traiteur-saintlouis.fr\/wp-content\/uploads\/2018\/04\/flower-decor-100x100.png 100w\" sizes=\"auto, (max-width: 43px) 100vw, 43px\" \/><\/p><\/div>[vc_column_text]Envie de d\u00e9couvrir nos produits de qualit\u00e9s ? Laissez vous pas notre menu ![\/vc_column_text]<a href='https:\/\/www.traiteur-saintlouis.fr\/?page_id=8853' target='_self' title='Menu' class='dt-sc-button   medium   filled  ' > Notre carte <\/a>[\/vc_column_inner][vc_column_inner el_class=\u00a0\u00bbrs_col-sm-12&Prime; width=\u00a0\u00bb1\/2&Prime; offset=\u00a0\u00bbvc_col-lg-6 vc_col-md-12&Prime;]<div class='dt-sc-image-border leftspace' style='background-image: url(\"https:\/\/www.traiteur-saintlouis.fr\/wp-content\/uploads\/2023\/05\/pix.jpg\");'><img src='https:\/\/www.traiteur-saintlouis.fr\/wp-content\/uploads\/2023\/05\/pix.jpg' class='dt-sc-main-image' alt='img' \/><\/div>[\/vc_column_inner][\/vc_row_inner]<div id=\"1524468969139-86b8bfe4-d65c\" class=\"dt-sc-empty-space\"><\/div>[vc_row_inner content_placement=\u00a0\u00bbmiddle\u00a0\u00bb][vc_column_inner el_class=\u00a0\u00bbrs_col-sm-12&Prime; width=\u00a0\u00bb1\/2&Prime; offset=\u00a0\u00bbvc_col-lg-6 vc_col-md-12&Prime;]<div class='dt-sc-image-border ' style='background-image: url(\"https:\/\/www.traiteur-saintlouis.fr\/wp-content\/uploads\/2023\/05\/IMG-20230512-WA0002.jpg\");'><img src='https:\/\/www.traiteur-saintlouis.fr\/wp-content\/uploads\/2023\/05\/IMG-20230512-WA0002.jpg' class='dt-sc-main-image' alt='img' \/><\/div>[\/vc_column_inner][vc_column_inner el_align=\u00a0\u00bbcenter\u00a0\u00bb el_class=\u00a0\u00bbrs_col-sm-12&Prime; width=\u00a0\u00bb1\/2&Prime; offset=\u00a0\u00bbvc_col-lg-6 vc_col-md-12&Prime;]<div class='dt-sc-title with-image with-sub-title aligncenter'><h4>Nos<\/h4><h2>Services<\/h2><p><img loading=\"lazy\" decoding=\"async\" width=\"43\" height=\"43\" src=\"https:\/\/www.traiteur-saintlouis.fr\/wp-content\/uploads\/2018\/04\/flower-decor.png\" class=\"attachment-full\" alt=\"flower-decor\" title=\"flower-decor\" srcset=\"https:\/\/www.traiteur-saintlouis.fr\/wp-content\/uploads\/2018\/04\/flower-decor.png 43w, https:\/\/www.traiteur-saintlouis.fr\/wp-content\/uploads\/2018\/04\/flower-decor-100x100.png 100w\" sizes=\"auto, (max-width: 43px) 100vw, 43px\" \/><\/p><\/div>[vc_column_text]Laissez vous transporter dans un tourbillon de saveurs gr\u00e2ce \u00e0 nos sp\u00e9cialit\u00e9s ![\/vc_column_text]<a href='https:\/\/www.traiteur-saintlouis.fr\/?page_id=8803' target='_self' title='Traiteur' class='dt-sc-button   medium   filled  ' > Nos \u00e9v\u00e9nements <\/a>[\/vc_column_inner][\/vc_row_inner]<div id=\"1523610614821-afdd0a1e-2c1d\" class=\"dt-sc-empty-space\"><\/div>[\/vc_column][\/vc_row][\/vc_section][vc_row full_width=\u00a0\u00bbstretch_row\u00a0\u00bb bg_type=\u00a0\u00bbimage\u00a0\u00bb parallax_style=\u00a0\u00bbvcpb-vz-jquery\u00a0\u00bb bg_image_new=\u00a0\u00bbid^8959|url^https:\/\/www.traiteur-saintlouis.fr\/wp-content\/uploads\/2018\/04\/three-img-parallax.png|caption^null|alt^three-img-parallax|title^three-img-parallax|description^null\u00a0\u00bb bg_image_repeat=\u00a0\u00bbno-repeat\u00a0\u00bb bg_override=\u00a0\u00bbex-full\u00a0\u00bb fadeout_row=\u00a0\u00bbfadeout_row_value\u00a0\u00bb fadeout_start_effect=\u00a0\u00bb60&Prime; el_class=\u00a0\u00bbdt-sc-dark-bg\u00a0\u00bb css=\u00a0\u00bb.vc_custom_1684941154419{background-image: url(https:\/\/www.traiteur-saintlouis.fr\/wp-content\/uploads\/2023\/05\/BanTraiteur.png?id=14356) !important;}\u00a0\u00bb][vc_column el_align=\u00a0\u00bbcenter\u00a0\u00bb]<div id=\"1523619906108-5d9eed2d-e4aa\" class=\"dt-sc-empty-space\"><\/div><div class='dt-sc-title script-with-sub-title '><h3>Plus de 800 plats savoureux &amp; d\u00e9licieux<\/h3><h4><\/h4><\/div><div id=\"1523619920293-7b460618-39a1\" class=\"dt-sc-empty-space\"><\/div>[\/vc_column][\/vc_row][vc_section bully_section=\u00a0\u00bbyes\u00a0\u00bb][vc_row][vc_column]<div id=\"1533365800151-09e7b43f-c7d1\" class=\"dt-sc-empty-space\"><\/div><div class='dt-sc-title with-image with-sub-title aligncenter'><h4>Nos<\/h4><h2>Prestations traiteur<\/h2><p><img loading=\"lazy\" decoding=\"async\" width=\"50\" height=\"50\" src=\"https:\/\/www.traiteur-saintlouis.fr\/wp-content\/uploads\/2018\/04\/flower-decor-2.png\" class=\"attachment-full\" alt=\"flower-decor-2\" title=\"flower-decor-2\" srcset=\"https:\/\/www.traiteur-saintlouis.fr\/wp-content\/uploads\/2018\/04\/flower-decor-2.png 50w, https:\/\/www.traiteur-saintlouis.fr\/wp-content\/uploads\/2018\/04\/flower-decor-2-100x100.png 100w\" sizes=\"auto, (max-width: 50px) 100vw, 50px\" \/><\/p><\/div><div id=\"1533543557978-ed7018ea-2bd9\" class=\"dt-sc-empty-space\"><\/div>[\/vc_column][\/vc_row][vc_row content_placement=\u00a0\u00bbmiddle\u00a0\u00bb][vc_column width=\u00a0\u00bb1\/3&Prime; el_class=\u00a0\u00bbrs_col-sm-6&Prime; offset=\u00a0\u00bbvc_col-lg-4 vc_col-md-6&Prime;]<div class='dt-sc-icon-box type1 '><div class=\"icon-wrapper\"><img loading=\"lazy\" decoding=\"async\" width=\"53\" height=\"53\" src=\"https:\/\/www.traiteur-saintlouis.fr\/wp-content\/uploads\/2018\/08\/ico-2.png\" class=\"attachment-full\" alt=\"\" title=\"ico-2\" srcset=\"https:\/\/www.traiteur-saintlouis.fr\/wp-content\/uploads\/2018\/08\/ico-2.png 53w, https:\/\/www.traiteur-saintlouis.fr\/wp-content\/uploads\/2018\/08\/ico-2-100x100.png 100w\" sizes=\"auto, (max-width: 53px) 100vw, 53px\" \/><\/div><div class=\"icon-content\"><h4>Cocktail dinatoire<\/h4><p>Le temps d\u2019un cocktail d\u00e9jeunatoire ou d\u00eenatoire, nous vous proposons un ballet de pi\u00e8ces d\u00e9licates.<\/p><\/div><span class='large-icon'><img loading=\"lazy\" decoding=\"async\" width=\"53\" height=\"53\" src=\"https:\/\/www.traiteur-saintlouis.fr\/wp-content\/uploads\/2018\/08\/ico-2.png\" class=\"attachment-full\" alt=\"\" title=\"ico-2\" srcset=\"https:\/\/www.traiteur-saintlouis.fr\/wp-content\/uploads\/2018\/08\/ico-2.png 53w, https:\/\/www.traiteur-saintlouis.fr\/wp-content\/uploads\/2018\/08\/ico-2-100x100.png 100w\" sizes=\"auto, (max-width: 53px) 100vw, 53px\" \/><\/span><\/div>[\/vc_column][vc_column width=\u00a0\u00bb1\/3&Prime; el_class=\u00a0\u00bbrs_col-sm-6&Prime; offset=\u00a0\u00bbvc_col-lg-4 vc_col-md-6&Prime;]<div class='dt-sc-icon-box type1 '><div class=\"icon-wrapper\"><img loading=\"lazy\" decoding=\"async\" width=\"53\" height=\"53\" src=\"https:\/\/www.traiteur-saintlouis.fr\/wp-content\/uploads\/2018\/08\/ico-1.png\" class=\"attachment-full\" alt=\"\" title=\"ico-1\" srcset=\"https:\/\/www.traiteur-saintlouis.fr\/wp-content\/uploads\/2018\/08\/ico-1.png 53w, https:\/\/www.traiteur-saintlouis.fr\/wp-content\/uploads\/2018\/08\/ico-1-100x100.png 100w\" sizes=\"auto, (max-width: 53px) 100vw, 53px\" \/><\/div><div class=\"icon-content\"><h4>Buffet<\/h4><p>Nous proposons plusieurs offres de Buffet. Une succession de plaisirs \u00e0 d\u00e9guster un peu, beaucoup, \u00e0 la folie !<\/p><\/div><span class='large-icon'><img loading=\"lazy\" decoding=\"async\" width=\"53\" height=\"53\" src=\"https:\/\/www.traiteur-saintlouis.fr\/wp-content\/uploads\/2018\/08\/ico-1.png\" class=\"attachment-full\" alt=\"\" title=\"ico-1\" srcset=\"https:\/\/www.traiteur-saintlouis.fr\/wp-content\/uploads\/2018\/08\/ico-1.png 53w, https:\/\/www.traiteur-saintlouis.fr\/wp-content\/uploads\/2018\/08\/ico-1-100x100.png 100w\" sizes=\"auto, (max-width: 53px) 100vw, 53px\" \/><\/span><\/div>[\/vc_column][vc_column width=\u00a0\u00bb1\/3&Prime; el_class=\u00a0\u00bbrs_col-sm-6&Prime; offset=\u00a0\u00bbvc_col-lg-4 vc_col-md-6&Prime;]<div class='dt-sc-icon-box type1 '><div class=\"icon-wrapper\"><img loading=\"lazy\" decoding=\"async\" width=\"53\" height=\"53\" src=\"https:\/\/www.traiteur-saintlouis.fr\/wp-content\/uploads\/2018\/08\/ico-4.png\" class=\"attachment-full\" alt=\"\" title=\"ico-4\" srcset=\"https:\/\/www.traiteur-saintlouis.fr\/wp-content\/uploads\/2018\/08\/ico-4.png 53w, https:\/\/www.traiteur-saintlouis.fr\/wp-content\/uploads\/2018\/08\/ico-4-100x100.png 100w\" sizes=\"auto, (max-width: 53px) 100vw, 53px\" \/><\/div><div class=\"icon-content\"><h4>Mariage<\/h4><p>Laissez-vous s\u00e9duire par une gastronomie go\u00fbteuse pour cr\u00e9er \u00e0 vos c\u00f4t\u00e9s une journ\u00e9e exceptionnelle.<\/p><\/div><span class='large-icon'><img loading=\"lazy\" decoding=\"async\" width=\"53\" height=\"53\" src=\"https:\/\/www.traiteur-saintlouis.fr\/wp-content\/uploads\/2018\/08\/ico-4.png\" class=\"attachment-full\" alt=\"\" title=\"ico-4\" srcset=\"https:\/\/www.traiteur-saintlouis.fr\/wp-content\/uploads\/2018\/08\/ico-4.png 53w, https:\/\/www.traiteur-saintlouis.fr\/wp-content\/uploads\/2018\/08\/ico-4-100x100.png 100w\" sizes=\"auto, (max-width: 53px) 100vw, 53px\" \/><\/span><\/div>[\/vc_column][vc_column width=\u00a0\u00bb1\/3&Prime; el_class=\u00a0\u00bbrs_col-sm-6&Prime; offset=\u00a0\u00bbvc_col-lg-4 vc_col-md-6&Prime;]<div class='dt-sc-icon-box type1 last'><div class=\"icon-wrapper\"><img loading=\"lazy\" decoding=\"async\" width=\"53\" height=\"53\" src=\"https:\/\/www.traiteur-saintlouis.fr\/wp-content\/uploads\/2018\/08\/ico-4.png\" class=\"attachment-full\" alt=\"\" title=\"ico-4\" srcset=\"https:\/\/www.traiteur-saintlouis.fr\/wp-content\/uploads\/2018\/08\/ico-4.png 53w, https:\/\/www.traiteur-saintlouis.fr\/wp-content\/uploads\/2018\/08\/ico-4-100x100.png 100w\" sizes=\"auto, (max-width: 53px) 100vw, 53px\" \/><\/div><div class=\"icon-content\"><h4>Communion<\/h4><p>nous accompagnons nos clients dans la r\u00e9ussite de leurs \u00e9v\u00e9nements. Cocktails, d\u00e9jeuners ou diner \u00e9v\u00e9nementiels, buffets.<\/p><\/div><span class='large-icon'><img loading=\"lazy\" decoding=\"async\" width=\"53\" height=\"53\" src=\"https:\/\/www.traiteur-saintlouis.fr\/wp-content\/uploads\/2018\/08\/ico-4.png\" class=\"attachment-full\" alt=\"\" title=\"ico-4\" srcset=\"https:\/\/www.traiteur-saintlouis.fr\/wp-content\/uploads\/2018\/08\/ico-4.png 53w, https:\/\/www.traiteur-saintlouis.fr\/wp-content\/uploads\/2018\/08\/ico-4-100x100.png 100w\" sizes=\"auto, (max-width: 53px) 100vw, 53px\" \/><\/span><\/div>[\/vc_column][vc_column width=\u00a0\u00bb1\/3&Prime; el_class=\u00a0\u00bbrs_col-sm-6&Prime; offset=\u00a0\u00bbvc_col-lg-4 vc_col-md-6&Prime;]<div class='dt-sc-icon-box type1 last'><div class=\"icon-wrapper\"><img loading=\"lazy\" decoding=\"async\" width=\"53\" height=\"53\" src=\"https:\/\/www.traiteur-saintlouis.fr\/wp-content\/uploads\/2018\/08\/ico-5.png\" class=\"attachment-full\" alt=\"\" title=\"ico-5\" srcset=\"https:\/\/www.traiteur-saintlouis.fr\/wp-content\/uploads\/2018\/08\/ico-5.png 53w, https:\/\/www.traiteur-saintlouis.fr\/wp-content\/uploads\/2018\/08\/ico-5-100x100.png 100w\" sizes=\"auto, (max-width: 53px) 100vw, 53px\" \/><\/div><div class=\"icon-content\"><h4>Repas de famille<\/h4><p>Vous avez envie de partager un moment convivial et gustatif ? Nous sommes l\u00e0 pour vous servir.<\/p><\/div><span class='large-icon'><img loading=\"lazy\" decoding=\"async\" width=\"53\" height=\"53\" src=\"https:\/\/www.traiteur-saintlouis.fr\/wp-content\/uploads\/2018\/08\/ico-5.png\" class=\"attachment-full\" alt=\"\" title=\"ico-5\" srcset=\"https:\/\/www.traiteur-saintlouis.fr\/wp-content\/uploads\/2018\/08\/ico-5.png 53w, https:\/\/www.traiteur-saintlouis.fr\/wp-content\/uploads\/2018\/08\/ico-5-100x100.png 100w\" sizes=\"auto, (max-width: 53px) 100vw, 53px\" \/><\/span><\/div>[\/vc_column][vc_column width=\u00a0\u00bb1\/3&Prime; el_class=\u00a0\u00bbrs_col-sm-6&Prime; offset=\u00a0\u00bbvc_col-lg-4 vc_col-md-6&Prime;]<div class='dt-sc-icon-box type1 last'><div class=\"icon-wrapper\"><img loading=\"lazy\" decoding=\"async\" width=\"53\" height=\"53\" src=\"https:\/\/www.traiteur-saintlouis.fr\/wp-content\/uploads\/2018\/08\/ico-6.png\" class=\"attachment-full\" alt=\"\" title=\"ico-6\" srcset=\"https:\/\/www.traiteur-saintlouis.fr\/wp-content\/uploads\/2018\/08\/ico-6.png 53w, https:\/\/www.traiteur-saintlouis.fr\/wp-content\/uploads\/2018\/08\/ico-6-100x100.png 100w\" sizes=\"auto, (max-width: 53px) 100vw, 53px\" \/><\/div><div class=\"icon-content\"><h4>Ev\u00e8nement sur-mesure<\/h4><p>Pour un moment unique et inoubliable, nous sommes \u00e0 votre disposition pour vos renseigner et vous r\u00e9galer.<\/p><\/div><span class='large-icon'><img loading=\"lazy\" decoding=\"async\" width=\"53\" height=\"53\" src=\"https:\/\/www.traiteur-saintlouis.fr\/wp-content\/uploads\/2018\/08\/ico-6.png\" class=\"attachment-full\" alt=\"\" title=\"ico-6\" srcset=\"https:\/\/www.traiteur-saintlouis.fr\/wp-content\/uploads\/2018\/08\/ico-6.png 53w, https:\/\/www.traiteur-saintlouis.fr\/wp-content\/uploads\/2018\/08\/ico-6-100x100.png 100w\" sizes=\"auto, (max-width: 53px) 100vw, 53px\" \/><\/span><\/div>[\/vc_column][vc_column]<div id=\"1533543517837-9dc49770-a574\" class=\"dt-sc-empty-space\"><\/div>[\/vc_column][\/vc_row][\/vc_section][vc_section][vc_row full_width=\u00a0\u00bbstretch_row\u00a0\u00bb bg_type=\u00a0\u00bbimage\u00a0\u00bb parallax_style=\u00a0\u00bbvcpb-vz-jquery\u00a0\u00bb bg_image_new=\u00a0\u00bbid^98|url^https:\/\/www.traiteur-saintlouis.fr\/wp-content\/uploads\/2018\/04\/parallax-img-3.jpg|caption^null|alt^parallax-img-3|title^parallax-img-3|description^null\u00a0\u00bb bg_override=\u00a0\u00bbex-full\u00a0\u00bb fadeout_row=\u00a0\u00bbfadeout_row_value\u00a0\u00bb fadeout_start_effect=\u00a0\u00bb60&Prime; enable_overlay=\u00a0\u00bbenable_overlay_value\u00a0\u00bb overlay_color=\u00a0\u00bbrgba(0,0,0,0.3)\u00a0\u00bb el_class=\u00a0\u00bbdt-sc-dark-bg\u00a0\u00bb css=\u00a0\u00bb.vc_custom_1684941298823{background-image: url(https:\/\/www.traiteur-saintlouis.fr\/wp-content\/uploads\/2023\/05\/ban2.png?id=14271) !important;}\u00a0\u00bb rellax_image=\u00a0\u00bb98&Prime;][vc_column el_align=\u00a0\u00bbcenter\u00a0\u00bb]<div id=\"1523865091863-22bcea49-a84b\" class=\"dt-sc-empty-space\"><\/div><div class='dt-sc-title script-with-sub-title '><h3>Tester une nouvelle exp\u00e9rience gustative !<\/h3><h4>Notre \u00e9quipe s'occupe de vous.<\/h4><\/div><div id=\"1523865091959-7c03b318-c4ba\" class=\"dt-sc-empty-space\"><\/div>[\/vc_column][\/vc_row][\/vc_section][vc_section bully_section=\u00a0\u00bbyes\u00a0\u00bb][\/vc_section]<\/p>\n<\/section>","protected":false},"excerpt":{"rendered":"<p>[vc_section bully_section=\u00a0\u00bbyes\u00a0\u00bb][vc_row][vc_column el_align=\u00a0\u00bbcenter\u00a0\u00bb][\/vc_column][\/vc_row][vc_row][vc_column][vc_row_inner content_placement=\u00a0\u00bbmiddle\u00a0\u00bb][vc_column_inner el_align=\u00a0\u00bbcenter\u00a0\u00bb el_class=\u00a0\u00bbrs_col-sm-12&Prime; width=\u00a0\u00bb1\/2&Prime; offset=\u00a0\u00bbvc_col-lg-6 vc_col-md-12&Prime;][vc_column_text]Envie de d\u00e9couvrir nos produits de qualit\u00e9s ? Laissez vous pas notre menu ![\/vc_column_text][\/vc_column_inner][vc_column_inner el_class=\u00a0\u00bbrs_col-sm-12&Prime; width=\u00a0\u00bb1\/2&Prime; offset=\u00a0\u00bbvc_col-lg-6 vc_col-md-12&Prime;][\/vc_column_inner][\/vc_row_inner][vc_row_inner content_placement=\u00a0\u00bbmiddle\u00a0\u00bb][vc_column_inner el_class=\u00a0\u00bbrs_col-sm-12&Prime; width=\u00a0\u00bb1\/2&Prime; offset=\u00a0\u00bbvc_col-lg-6 vc_col-md-12&Prime;][\/vc_column_inner][vc_column_inner el_align=\u00a0\u00bbcenter\u00a0\u00bb el_class=\u00a0\u00bbrs_col-sm-12&Prime; width=\u00a0\u00bb1\/2&Prime; offset=\u00a0\u00bbvc_col-lg-6 vc_col-md-12&Prime;][vc_column_text]Laissez vous transporter dans un tourbillon de saveurs gr\u00e2ce \u00e0 nos sp\u00e9cialit\u00e9s ![\/vc_column_text][\/vc_column_inner][\/vc_row_inner][\/vc_column][\/vc_row][\/vc_section][vc_row full_width=\u00a0\u00bbstretch_row\u00a0\u00bb bg_type=\u00a0\u00bbimage\u00a0\u00bb parallax_style=\u00a0\u00bbvcpb-vz-jquery\u00a0\u00bb bg_image_new=\u00a0\u00bbid^8959|url^https:\/\/www.traiteur-saintlouis.fr\/wp-content\/uploads\/2018\/04\/three-img-parallax.png|caption^null|alt^three-img-parallax|title^three-img-parallax|description^null\u00a0\u00bb bg_image_repeat=\u00a0\u00bbno-repeat\u00a0\u00bb bg_override=\u00a0\u00bbex-full\u00a0\u00bb fadeout_row=\u00a0\u00bbfadeout_row_value\u00a0\u00bb [&hellip;]<\/p>\n","protected":false},"author":1,"featured_media":0,"parent":0,"menu_order":0,"comment_status":"closed","ping_status":"closed","template":"","meta":{"tpgb_global_settings":"","footnotes":""},"class_list":["post-14","page","type-page","status-publish","hentry"],"yoast_head":"<!-- This site is optimized with the Yoast SEO plugin v27.3 - https:\/\/yoast.com\/product\/yoast-seo-wordpress\/ -->\n<title>Accueil - Traiteur Saint Louis<\/title>\n<meta name=\"description\" content=\"Explorez l&#039;exquis chez traiteur Saint Louis. Des saveurs exquises, une pr\u00e9sentation artistique. Elevez vos \u00e9v\u00e8nements avec notre menu raffin\u00e9. Une exp\u00e9rience culinaire inoubliable \u00e0 chaque bouch\u00e9e. Faites de chaque moment un festin avec nous.\" \/>\n<meta name=\"robots\" content=\"index, follow, max-snippet:-1, max-image-preview:large, max-video-preview:-1\" \/>\n<link rel=\"canonical\" href=\"https:\/\/www.traiteur-saintlouis.fr\/\" \/>\n<meta property=\"og:locale\" content=\"fr_FR\" \/>\n<meta property=\"og:type\" content=\"article\" \/>\n<meta property=\"og:title\" content=\"Accueil - Traiteur Saint Louis\" \/>\n<meta property=\"og:description\" content=\"Explorez l&#039;exquis chez traiteur Saint Louis. Des saveurs exquises, une pr\u00e9sentation artistique. Elevez vos \u00e9v\u00e8nements avec notre menu raffin\u00e9. Une exp\u00e9rience culinaire inoubliable \u00e0 chaque bouch\u00e9e. Faites de chaque moment un festin avec nous.\" \/>\n<meta property=\"og:url\" content=\"https:\/\/www.traiteur-saintlouis.fr\/\" \/>\n<meta property=\"og:site_name\" content=\"Traiteur Saint Louis\" \/>\n<meta property=\"article:modified_time\" content=\"2026-03-26T13:49:23+00:00\" \/>\n<meta name=\"twitter:card\" content=\"summary_large_image\" \/>\n<meta name=\"twitter:label1\" content=\"Dur\u00e9e de lecture estim\u00e9e\" \/>\n\t<meta name=\"twitter:data1\" content=\"5 minutes\" \/>\n<script type=\"application\/ld+json\" class=\"yoast-schema-graph\">{\"@context\":\"https:\\\/\\\/schema.org\",\"@graph\":[{\"@type\":\"WebPage\",\"@id\":\"https:\\\/\\\/www.traiteur-saintlouis.fr\\\/\",\"url\":\"https:\\\/\\\/www.traiteur-saintlouis.fr\\\/\",\"name\":\"Accueil - Traiteur Saint Louis\",\"isPartOf\":{\"@id\":\"https:\\\/\\\/www.traiteur-saintlouis.fr\\\/#website\"},\"datePublished\":\"2018-04-13T04:56:44+00:00\",\"dateModified\":\"2026-03-26T13:49:23+00:00\",\"description\":\"Explorez l'exquis chez traiteur Saint Louis. Des saveurs exquises, une pr\u00e9sentation artistique. Elevez vos \u00e9v\u00e8nements avec notre menu raffin\u00e9. Une exp\u00e9rience culinaire inoubliable \u00e0 chaque bouch\u00e9e. Faites de chaque moment un festin avec nous.\",\"breadcrumb\":{\"@id\":\"https:\\\/\\\/www.traiteur-saintlouis.fr\\\/#breadcrumb\"},\"inLanguage\":\"fr-FR\",\"potentialAction\":[{\"@type\":\"ReadAction\",\"target\":[\"https:\\\/\\\/www.traiteur-saintlouis.fr\\\/\"]}]},{\"@type\":\"BreadcrumbList\",\"@id\":\"https:\\\/\\\/www.traiteur-saintlouis.fr\\\/#breadcrumb\",\"itemListElement\":[{\"@type\":\"ListItem\",\"position\":1,\"name\":\"Accueil\",\"item\":\"https:\\\/\\\/www.traiteur-saintlouis.fr\\\/\"},{\"@type\":\"ListItem\",\"position\":2,\"name\":\"Accueil\"}]},{\"@type\":\"WebSite\",\"@id\":\"https:\\\/\\\/www.traiteur-saintlouis.fr\\\/#website\",\"url\":\"https:\\\/\\\/www.traiteur-saintlouis.fr\\\/\",\"name\":\"Traiteur Saint Louis\",\"description\":\"\",\"potentialAction\":[{\"@type\":\"SearchAction\",\"target\":{\"@type\":\"EntryPoint\",\"urlTemplate\":\"https:\\\/\\\/www.traiteur-saintlouis.fr\\\/?s={search_term_string}\"},\"query-input\":{\"@type\":\"PropertyValueSpecification\",\"valueRequired\":true,\"valueName\":\"search_term_string\"}}],\"inLanguage\":\"fr-FR\"}]}<\/script>\n<!-- \/ Yoast SEO plugin. -->","yoast_head_json":{"title":"Accueil - Traiteur Saint Louis","description":"Explorez l'exquis chez traiteur Saint Louis. Des saveurs exquises, une pr\u00e9sentation artistique. Elevez vos \u00e9v\u00e8nements avec notre menu raffin\u00e9. Une exp\u00e9rience culinaire inoubliable \u00e0 chaque bouch\u00e9e. Faites de chaque moment un festin avec nous.","robots":{"index":"index","follow":"follow","max-snippet":"max-snippet:-1","max-image-preview":"max-image-preview:large","max-video-preview":"max-video-preview:-1"},"canonical":"https:\/\/www.traiteur-saintlouis.fr\/","og_locale":"fr_FR","og_type":"article","og_title":"Accueil - Traiteur Saint Louis","og_description":"Explorez l'exquis chez traiteur Saint Louis. Des saveurs exquises, une pr\u00e9sentation artistique. Elevez vos \u00e9v\u00e8nements avec notre menu raffin\u00e9. Une exp\u00e9rience culinaire inoubliable \u00e0 chaque bouch\u00e9e. Faites de chaque moment un festin avec nous.","og_url":"https:\/\/www.traiteur-saintlouis.fr\/","og_site_name":"Traiteur Saint Louis","article_modified_time":"2026-03-26T13:49:23+00:00","twitter_card":"summary_large_image","twitter_misc":{"Dur\u00e9e de lecture estim\u00e9e":"5 minutes"},"schema":{"@context":"https:\/\/schema.org","@graph":[{"@type":"WebPage","@id":"https:\/\/www.traiteur-saintlouis.fr\/","url":"https:\/\/www.traiteur-saintlouis.fr\/","name":"Accueil - Traiteur Saint Louis","isPartOf":{"@id":"https:\/\/www.traiteur-saintlouis.fr\/#website"},"datePublished":"2018-04-13T04:56:44+00:00","dateModified":"2026-03-26T13:49:23+00:00","description":"Explorez l'exquis chez traiteur Saint Louis. Des saveurs exquises, une pr\u00e9sentation artistique. Elevez vos \u00e9v\u00e8nements avec notre menu raffin\u00e9. Une exp\u00e9rience culinaire inoubliable \u00e0 chaque bouch\u00e9e. Faites de chaque moment un festin avec nous.","breadcrumb":{"@id":"https:\/\/www.traiteur-saintlouis.fr\/#breadcrumb"},"inLanguage":"fr-FR","potentialAction":[{"@type":"ReadAction","target":["https:\/\/www.traiteur-saintlouis.fr\/"]}]},{"@type":"BreadcrumbList","@id":"https:\/\/www.traiteur-saintlouis.fr\/#breadcrumb","itemListElement":[{"@type":"ListItem","position":1,"name":"Accueil","item":"https:\/\/www.traiteur-saintlouis.fr\/"},{"@type":"ListItem","position":2,"name":"Accueil"}]},{"@type":"WebSite","@id":"https:\/\/www.traiteur-saintlouis.fr\/#website","url":"https:\/\/www.traiteur-saintlouis.fr\/","name":"Traiteur Saint Louis","description":"","potentialAction":[{"@type":"SearchAction","target":{"@type":"EntryPoint","urlTemplate":"https:\/\/www.traiteur-saintlouis.fr\/?s={search_term_string}"},"query-input":{"@type":"PropertyValueSpecification","valueRequired":true,"valueName":"search_term_string"}}],"inLanguage":"fr-FR"}]}},"tpgb_featured_images":null,"tpgb_post_meta_info":{"get_date":"13 avril 2018","get_modified_date":"26 mars 2026","author_name":"admin","author_url":"https:\/\/www.traiteur-saintlouis.fr\/?author=1","author_email":"sgourlay@assistech.fr","author_website":"","author_description":"","author_facebook":"","author_twitter":"","author_instagram":"","author_role":["administrator"],"author_firstname":"","author_lastname":"","user_login":"mpalisson_g27afciq","author_avatar":"<img alt='' src='https:\/\/secure.gravatar.com\/avatar\/abc1cd86b31d3f971d1e7ef2b971026af741d136da3dca837fbb9bd2f86ef308?s=200&#038;d=mm&#038;r=g' srcset='https:\/\/secure.gravatar.com\/avatar\/abc1cd86b31d3f971d1e7ef2b971026af741d136da3dca837fbb9bd2f86ef308?s=400&#038;d=mm&#038;r=g 2x' class='avatar avatar-200 photo' height='200' width='200' loading='lazy' decoding='async'\/>","author_avatar_url":"https:\/\/secure.gravatar.com\/avatar\/abc1cd86b31d3f971d1e7ef2b971026af741d136da3dca837fbb9bd2f86ef308?s=96&d=mm&r=g","comment_count":0,"post_likes":0,"post_views":0},"tpgb_post_category":[],"_links":{"self":[{"href":"https:\/\/www.traiteur-saintlouis.fr\/index.php?rest_route=\/wp\/v2\/pages\/14","targetHints":{"allow":["GET"]}}],"collection":[{"href":"https:\/\/www.traiteur-saintlouis.fr\/index.php?rest_route=\/wp\/v2\/pages"}],"about":[{"href":"https:\/\/www.traiteur-saintlouis.fr\/index.php?rest_route=\/wp\/v2\/types\/page"}],"author":[{"embeddable":true,"href":"https:\/\/www.traiteur-saintlouis.fr\/index.php?rest_route=\/wp\/v2\/users\/1"}],"replies":[{"embeddable":true,"href":"https:\/\/www.traiteur-saintlouis.fr\/index.php?rest_route=%2Fwp%2Fv2%2Fcomments&post=14"}],"version-history":[{"count":64,"href":"https:\/\/www.traiteur-saintlouis.fr\/index.php?rest_route=\/wp\/v2\/pages\/14\/revisions"}],"predecessor-version":[{"id":14775,"href":"https:\/\/www.traiteur-saintlouis.fr\/index.php?rest_route=\/wp\/v2\/pages\/14\/revisions\/14775"}],"wp:attachment":[{"href":"https:\/\/www.traiteur-saintlouis.fr\/index.php?rest_route=%2Fwp%2Fv2%2Fmedia&parent=14"}],"curies":[{"name":"wp","href":"https:\/\/api.w.org\/{rel}","templated":true}]}}