{"id":8803,"date":"2018-04-20T07:37:02","date_gmt":"2018-04-20T07:37:02","guid":{"rendered":"http:\/\/kudil.local\/?page_id=8803"},"modified":"2026-04-09T15:31:08","modified_gmt":"2026-04-09T15:31:08","slug":"event","status":"publish","type":"page","link":"https:\/\/www.traiteur-saintlouis.fr\/?page_id=8803","title":{"rendered":"Traiteur"},"content":{"rendered":"<section class=\"wpb-content-wrapper\"><p>[vc_row full_width=\u00a0\u00bbstretch_row\u00a0\u00bb][vc_column el_align=\u00a0\u00bbcenter\u00a0\u00bb]<div class='dt-sc-title with-image with-sub-title aligncenter'><h4>Besoin d'un traiteur \u00e0 Poissy ?<\/h4><h2>Ev\u00e8nement priv\u00e9<\/h2><p><img loading=\"lazy\" decoding=\"async\" width=\"50\" height=\"50\" src=\"https:\/\/www.traiteur-saintlouis.fr\/wp-content\/uploads\/2018\/04\/flower-decor-2.png\" class=\"attachment-full\" alt=\"flower-decor-2\" title=\"flower-decor-2\" srcset=\"https:\/\/www.traiteur-saintlouis.fr\/wp-content\/uploads\/2018\/04\/flower-decor-2.png 50w, https:\/\/www.traiteur-saintlouis.fr\/wp-content\/uploads\/2018\/04\/flower-decor-2-100x100.png 100w\" sizes=\"auto, (max-width: 50px) 100vw, 50px\" \/><\/p><\/div>[vc_column_text el_class=\u00a0\u00bbdt-sc-intro-text\u00a0\u00bb]Sublimez votre \u00e9v\u00e9nement pour convertir l\u2019\u00e9ph\u00e9m\u00e8re en souvenir inoubliable. C\u2019est tout l\u2019art de recevoir de la maison Coeurjoly. Pour le retour des beaux jours, Pierre Coeurjoly orchestre une \u00e9quipe qui maitrise les codes d\u2019un service raffin\u00e9. Cocktail dinatoire, buffet, mariage, communion, repas de famille\u2026 Nous vous proposons l\u2019excellence gastronomique.[\/vc_column_text]<div id=\"1524210090117-fa54dca5-59b6\" class=\"dt-sc-empty-space\"><\/div>[vc_row_inner el_class=\u00a0\u00bbdt-sc-image-caption-counter-wrapper\u00a0\u00bb][vc_column_inner el_class=\u00a0\u00bbrs_col-sm-12\u2033 width=\u00a0\u00bb1\/3\u2033]<div class='dt-sc-image-caption type4 '><div class='dt-sc-image-wrapper'><img loading=\"lazy\" decoding=\"async\" width=\"1254\" height=\"836\" src=\"https:\/\/www.traiteur-saintlouis.fr\/wp-content\/uploads\/2023\/05\/mariage.jpg\" class=\"attachment-full\" alt=\"\" title=\"Beautifully decorated catering banquet table with different food snacks appetizers\" srcset=\"https:\/\/www.traiteur-saintlouis.fr\/wp-content\/uploads\/2023\/05\/mariage.jpg 1254w, https:\/\/www.traiteur-saintlouis.fr\/wp-content\/uploads\/2023\/05\/mariage-500x333.jpg 500w, https:\/\/www.traiteur-saintlouis.fr\/wp-content\/uploads\/2023\/05\/mariage-300x200.jpg 300w, https:\/\/www.traiteur-saintlouis.fr\/wp-content\/uploads\/2023\/05\/mariage-1024x683.jpg 1024w, https:\/\/www.traiteur-saintlouis.fr\/wp-content\/uploads\/2023\/05\/mariage-768x512.jpg 768w, https:\/\/www.traiteur-saintlouis.fr\/wp-content\/uploads\/2023\/05\/mariage-750x500.jpg 750w, https:\/\/www.traiteur-saintlouis.fr\/wp-content\/uploads\/2023\/05\/mariage-540x360.jpg 540w, https:\/\/www.traiteur-saintlouis.fr\/wp-content\/uploads\/2023\/05\/mariage-600x400.jpg 600w\" sizes=\"auto, (max-width: 1254px) 100vw, 1254px\" \/><\/div><div class='dt-sc-image-content'><div class='dt-sc-image-title'><h3>Mariage<\/h3><\/div><p>Laissez-vous s\u00e9duire par une gastronomie go\u00fbteuse pour cr\u00e9er \u00e0 vos c\u00f4t\u00e9s une\njourn\u00e9e exceptionnelle.<\/p><\/div><\/div>[\/vc_column_inner][vc_column_inner el_align=\u00a0\u00bbcenter\u00a0\u00bb el_class=\u00a0\u00bbrs_col-sm-12\u2033 width=\u00a0\u00bb1\/3\u2033]<div class='dt-sc-image-caption type4 '><div class='dt-sc-image-wrapper'><img loading=\"lazy\" decoding=\"async\" width=\"1254\" height=\"837\" src=\"https:\/\/www.traiteur-saintlouis.fr\/wp-content\/uploads\/2023\/05\/cocktail.jpg\" class=\"attachment-full\" alt=\"\" title=\"Champagne reception\" srcset=\"https:\/\/www.traiteur-saintlouis.fr\/wp-content\/uploads\/2023\/05\/cocktail.jpg 1254w, https:\/\/www.traiteur-saintlouis.fr\/wp-content\/uploads\/2023\/05\/cocktail-500x334.jpg 500w, https:\/\/www.traiteur-saintlouis.fr\/wp-content\/uploads\/2023\/05\/cocktail-300x200.jpg 300w, https:\/\/www.traiteur-saintlouis.fr\/wp-content\/uploads\/2023\/05\/cocktail-1024x683.jpg 1024w, https:\/\/www.traiteur-saintlouis.fr\/wp-content\/uploads\/2023\/05\/cocktail-768x513.jpg 768w, https:\/\/www.traiteur-saintlouis.fr\/wp-content\/uploads\/2023\/05\/cocktail-750x501.jpg 750w, https:\/\/www.traiteur-saintlouis.fr\/wp-content\/uploads\/2023\/05\/cocktail-540x360.jpg 540w, https:\/\/www.traiteur-saintlouis.fr\/wp-content\/uploads\/2023\/05\/cocktail-600x400.jpg 600w\" sizes=\"auto, (max-width: 1254px) 100vw, 1254px\" \/><\/div><div class='dt-sc-image-content'><div class='dt-sc-image-title'><h3>Cocktail dinatoire<\/h3><\/div><p>Le temps d\u2019un cocktail d\u00e9jeunatoire ou d\u00eenatoire, nous vous proposons un ballet\nde pi\u00e8ces d\u00e9licates \u2013 gourmandes ou plus fra\u00eeches et l\u00e9g\u00e8res.\n\u00c0 la rencontre des classiques revisit\u00e9s et sublim\u00e9s pour une gastronomie\ngourmande, fraicheur ou v\u00e9g\u00e9tarienne..<\/p><\/div><\/div>[\/vc_column_inner][vc_column_inner el_class=\u00a0\u00bbrs_col-sm-12\u2033 width=\u00a0\u00bb1\/3\u2033]<div class='dt-sc-image-caption type4 '><div class='dt-sc-image-wrapper'><img loading=\"lazy\" decoding=\"async\" width=\"1244\" height=\"842\" src=\"https:\/\/www.traiteur-saintlouis.fr\/wp-content\/uploads\/2023\/05\/buffet.jpg\" class=\"attachment-full\" alt=\"\" title=\"female hands of a waiter prepare food for a buffet table in a restaurant\" srcset=\"https:\/\/www.traiteur-saintlouis.fr\/wp-content\/uploads\/2023\/05\/buffet.jpg 1244w, https:\/\/www.traiteur-saintlouis.fr\/wp-content\/uploads\/2023\/05\/buffet-500x338.jpg 500w, https:\/\/www.traiteur-saintlouis.fr\/wp-content\/uploads\/2023\/05\/buffet-300x203.jpg 300w, https:\/\/www.traiteur-saintlouis.fr\/wp-content\/uploads\/2023\/05\/buffet-1024x693.jpg 1024w, https:\/\/www.traiteur-saintlouis.fr\/wp-content\/uploads\/2023\/05\/buffet-768x520.jpg 768w, https:\/\/www.traiteur-saintlouis.fr\/wp-content\/uploads\/2023\/05\/buffet-750x508.jpg 750w, https:\/\/www.traiteur-saintlouis.fr\/wp-content\/uploads\/2023\/05\/buffet-540x365.jpg 540w\" sizes=\"auto, (max-width: 1244px) 100vw, 1244px\" \/><\/div><div class='dt-sc-image-content'><div class='dt-sc-image-title'><h3>Buffet<\/h3><\/div><p>Pour toutes celles et ceux qui veulent de la viande et du poisson, la MAISON\nCOEURJOLY vous proposent plusieurs offres de Buffet.\nUne succession de plaisirs \u00e0 d\u00e9guster un peu, beaucoup, \u00e0 la folie !<\/p><\/div><\/div>[\/vc_column_inner][\/vc_row_inner]<div id=\"1681994777301-37a79d53-588d\" class=\"dt-sc-empty-space\"><\/div>[vc_row_inner][vc_column_inner el_align=\u00a0\u00bbcenter\u00a0\u00bb el_class=\u00a0\u00bbrs_col-sm-12\u2033 width=\u00a0\u00bb1\/3\u2033]<div class='dt-sc-image-caption type4 '><div class='dt-sc-image-wrapper'><img loading=\"lazy\" decoding=\"async\" width=\"1254\" height=\"836\" src=\"https:\/\/www.traiteur-saintlouis.fr\/wp-content\/uploads\/2023\/05\/communion.jpg\" class=\"attachment-full\" alt=\"\" title=\"Gourmet appetizers: caviar, venison, tuna and salmon.\" srcset=\"https:\/\/www.traiteur-saintlouis.fr\/wp-content\/uploads\/2023\/05\/communion.jpg 1254w, https:\/\/www.traiteur-saintlouis.fr\/wp-content\/uploads\/2023\/05\/communion-500x333.jpg 500w, https:\/\/www.traiteur-saintlouis.fr\/wp-content\/uploads\/2023\/05\/communion-300x200.jpg 300w, https:\/\/www.traiteur-saintlouis.fr\/wp-content\/uploads\/2023\/05\/communion-1024x683.jpg 1024w, https:\/\/www.traiteur-saintlouis.fr\/wp-content\/uploads\/2023\/05\/communion-768x512.jpg 768w, https:\/\/www.traiteur-saintlouis.fr\/wp-content\/uploads\/2023\/05\/communion-750x500.jpg 750w, https:\/\/www.traiteur-saintlouis.fr\/wp-content\/uploads\/2023\/05\/communion-540x360.jpg 540w, https:\/\/www.traiteur-saintlouis.fr\/wp-content\/uploads\/2023\/05\/communion-600x400.jpg 600w\" sizes=\"auto, (max-width: 1254px) 100vw, 1254px\" \/><\/div><div class='dt-sc-image-content'><div class='dt-sc-image-title'><h3>Communion<\/h3><\/div><p>Nous sommes \u00e0 votre disposition pour vos renseigner et vous r\u00e9galer. Depuis plus de 20 ans, nous accompagnons nos clients dans la r\u00e9ussite de leurs \u00e9v\u00e9nements. Cocktails, d\u00e9jeuners ou diner \u00e9v\u00e9nementiels, buffets.<\/p><\/div><\/div>[\/vc_column_inner][vc_column_inner el_class=\u00a0\u00bbrs_col-sm-12\u2033 width=\u00a0\u00bb1\/3\u2033]<div class='dt-sc-image-caption type4 '><div class='dt-sc-image-wrapper'><img loading=\"lazy\" decoding=\"async\" width=\"1254\" height=\"836\" src=\"https:\/\/www.traiteur-saintlouis.fr\/wp-content\/uploads\/2023\/05\/repasfamille.png\" class=\"attachment-full\" alt=\"\" title=\"repasfamille\" srcset=\"https:\/\/www.traiteur-saintlouis.fr\/wp-content\/uploads\/2023\/05\/repasfamille.png 1254w, https:\/\/www.traiteur-saintlouis.fr\/wp-content\/uploads\/2023\/05\/repasfamille-500x333.png 500w, https:\/\/www.traiteur-saintlouis.fr\/wp-content\/uploads\/2023\/05\/repasfamille-300x200.png 300w, https:\/\/www.traiteur-saintlouis.fr\/wp-content\/uploads\/2023\/05\/repasfamille-1024x683.png 1024w, https:\/\/www.traiteur-saintlouis.fr\/wp-content\/uploads\/2023\/05\/repasfamille-768x512.png 768w, https:\/\/www.traiteur-saintlouis.fr\/wp-content\/uploads\/2023\/05\/repasfamille-750x500.png 750w, https:\/\/www.traiteur-saintlouis.fr\/wp-content\/uploads\/2023\/05\/repasfamille-540x360.png 540w, https:\/\/www.traiteur-saintlouis.fr\/wp-content\/uploads\/2023\/05\/repasfamille-600x400.png 600w\" sizes=\"auto, (max-width: 1254px) 100vw, 1254px\" \/><\/div><div class='dt-sc-image-content'><div class='dt-sc-image-title'><h3>Repas de famille<\/h3><\/div><p>Vous avez envie de partager un moment convivial et gustatif entre coll\u00e8gues o\u00f9 avec votre famille, nous sommes l\u00e0 pour vous servir.<\/p><\/div><\/div>[\/vc_column_inner][vc_column_inner el_class=\u00a0\u00bbrs_col-sm-12\u2033 width=\u00a0\u00bb1\/3\u2033]<div class='dt-sc-image-caption type4 '><div class='dt-sc-image-wrapper'><img loading=\"lazy\" decoding=\"async\" width=\"1254\" height=\"836\" src=\"https:\/\/www.traiteur-saintlouis.fr\/wp-content\/uploads\/2023\/05\/evenement.jpg\" class=\"attachment-full\" alt=\"\" title=\"Waiter carrying plates with meat dish\" srcset=\"https:\/\/www.traiteur-saintlouis.fr\/wp-content\/uploads\/2023\/05\/evenement.jpg 1254w, https:\/\/www.traiteur-saintlouis.fr\/wp-content\/uploads\/2023\/05\/evenement-500x333.jpg 500w, https:\/\/www.traiteur-saintlouis.fr\/wp-content\/uploads\/2023\/05\/evenement-300x200.jpg 300w, https:\/\/www.traiteur-saintlouis.fr\/wp-content\/uploads\/2023\/05\/evenement-1024x683.jpg 1024w, https:\/\/www.traiteur-saintlouis.fr\/wp-content\/uploads\/2023\/05\/evenement-768x512.jpg 768w, https:\/\/www.traiteur-saintlouis.fr\/wp-content\/uploads\/2023\/05\/evenement-750x500.jpg 750w, https:\/\/www.traiteur-saintlouis.fr\/wp-content\/uploads\/2023\/05\/evenement-540x360.jpg 540w, https:\/\/www.traiteur-saintlouis.fr\/wp-content\/uploads\/2023\/05\/evenement-600x400.jpg 600w\" sizes=\"auto, (max-width: 1254px) 100vw, 1254px\" \/><\/div><div class='dt-sc-image-content'><div class='dt-sc-image-title'><h3>Ev\u00e9nement sur-mesure<\/h3><\/div><p>Pour un moment unique et inoubliable : bapt\u00eame, enterrement de vie de jeune fille\u2026 Nous sommes \u00e0 votre disposition pour vos renseigner et vous r\u00e9galer. Depuis plus de 20 ans, nous accompagnons nos clients dans la r\u00e9ussite de leurs \u00e9v\u00e9nements. Cocktails, d\u00e9jeuners ou diner \u00e9v\u00e9nementiels, buffets.<\/p><\/div><\/div>[\/vc_column_inner][\/vc_row_inner]<div id=\"1524206447283-a3dacee8-e283\" class=\"dt-sc-empty-space\"><\/div>[\/vc_column][\/vc_row][vc_row content_placement=\u00a0\u00bbmiddle\u00a0\u00bb][vc_column el_align=\u00a0\u00bbcenter\u00a0\u00bb]<a href='https:\/\/www.traiteur-saintlouis.fr\/?page_id=8775' target='_self' title='Contact' class='dt-sc-button   large   filled  ' > Je demande un devis <\/a><div id=\"1682340197036-c5ffb76e-4fb7\" class=\"dt-sc-empty-space\"><\/div>[\/vc_column][\/vc_row][vc_row full_width=\u00a0\u00bbstretch_row\u00a0\u00bb bg_type=\u00a0\u00bbimage\u00a0\u00bb parallax_style=\u00a0\u00bbvcpb-vz-jquery\u00a0\u00bb bg_image_new=\u00a0\u00bbid^8810|url^https:\/\/www.traiteur-saintlouis.fr\/wp-content\/uploads\/2018\/04\/event-parallax.jpg|caption^null|alt^event-parallax|title^event-parallax|description^null\u00a0\u00bb bg_image_repeat=\u00a0\u00bbno-repeat\u00a0\u00bb bg_override=\u00a0\u00bbex-full\u00a0\u00bb fadeout_row=\u00a0\u00bbfadeout_row_value\u00a0\u00bb fadeout_start_effect=\u00a0\u00bb60\u2033 enable_overlay=\u00a0\u00bbenable_overlay_value\u00a0\u00bb overlay_color=\u00a0\u00bbrgba(0,0,0,0.7)\u00a0\u00bb el_class=\u00a0\u00bbdt-sc-dark-bg\u00a0\u00bb css=\u00a0\u00bb.vc_custom_1684155621398{background-image: url(https:\/\/www.traiteur-saintlouis.fr\/wp-content\/uploads\/2023\/05\/ban2.png?id=14271) !important;}\u00a0\u00bb][vc_column el_align=\u00a0\u00bbcenter\u00a0\u00bb]<div id=\"1523865091863-22bcea49-a84b\" class=\"dt-sc-empty-space\"><\/div><div class='dt-sc-title script-with-sub-title '><h3>Le meilleur pour vos<\/h3><h4>\u00e9v\u00e9nements<\/h4><\/div><div id=\"1523865091959-7c03b318-c4ba\" class=\"dt-sc-empty-space\"><\/div>[\/vc_column][\/vc_row]<\/p>\n<\/section>","protected":false},"excerpt":{"rendered":"<p>[vc_row full_width=\u00a0\u00bbstretch_row\u00a0\u00bb][vc_column el_align=\u00a0\u00bbcenter\u00a0\u00bb][vc_column_text el_class=\u00a0\u00bbdt-sc-intro-text\u00a0\u00bb]Sublimez votre \u00e9v\u00e9nement pour convertir l\u2019\u00e9ph\u00e9m\u00e8re en souvenir inoubliable. C\u2019est tout l\u2019art de recevoir de la maison Coeurjoly. Pour le retour des beaux jours, Pierre Coeurjoly orchestre une \u00e9quipe qui maitrise les codes d\u2019un service raffin\u00e9. Cocktail dinatoire, buffet, mariage, communion, repas de famille\u2026 Nous vous proposons l\u2019excellence gastronomique.[\/vc_column_text][vc_row_inner el_class=\u00a0\u00bbdt-sc-image-caption-counter-wrapper\u00a0\u00bb][vc_column_inner el_class=\u00a0\u00bbrs_col-sm-12\u2033 width=\u00a0\u00bb1\/3\u2033][\/vc_column_inner][vc_column_inner [&hellip;]<\/p>\n","protected":false},"author":1,"featured_media":0,"parent":0,"menu_order":0,"comment_status":"closed","ping_status":"closed","template":"","meta":{"tpgb_global_settings":"","footnotes":""},"class_list":["post-8803","page","type-page","status-publish","hentry"],"yoast_head":"<!-- This site is optimized with the Yoast SEO plugin v27.5 - https:\/\/yoast.com\/product\/yoast-seo-wordpress\/ -->\n<title>Traiteur - Traiteur Saint Louis<\/title>\n<meta name=\"description\" content=\"Besoin d&#039;un \u00e9v\u00e8nement priv\u00e9 nous pouvons faire des cocktail dinatoire des buffet des mariage des communion des repas de famille des \u00e9v\u00e8nement sur mesure.\" \/>\n<meta name=\"robots\" content=\"index, follow, max-snippet:-1, max-image-preview:large, max-video-preview:-1\" \/>\n<link rel=\"canonical\" href=\"https:\/\/www.traiteur-saintlouis.fr\/?page_id=8803\" \/>\n<meta property=\"og:locale\" content=\"fr_FR\" \/>\n<meta property=\"og:type\" content=\"article\" \/>\n<meta property=\"og:title\" content=\"Traiteur - Traiteur Saint Louis\" \/>\n<meta property=\"og:description\" content=\"Besoin d&#039;un \u00e9v\u00e8nement priv\u00e9 nous pouvons faire des cocktail dinatoire des buffet des mariage des communion des repas de famille des \u00e9v\u00e8nement sur mesure.\" \/>\n<meta property=\"og:url\" content=\"https:\/\/www.traiteur-saintlouis.fr\/?page_id=8803\" \/>\n<meta property=\"og:site_name\" content=\"Traiteur Saint Louis\" \/>\n<meta property=\"article:modified_time\" content=\"2026-04-09T15:31:08+00:00\" \/>\n<meta name=\"twitter:card\" content=\"summary_large_image\" \/>\n<meta name=\"twitter:label1\" content=\"Dur\u00e9e de lecture estim\u00e9e\" \/>\n\t<meta name=\"twitter:data1\" content=\"4 minutes\" \/>\n<script type=\"application\/ld+json\" class=\"yoast-schema-graph\">{\"@context\":\"https:\\\/\\\/schema.org\",\"@graph\":[{\"@type\":\"WebPage\",\"@id\":\"https:\\\/\\\/www.traiteur-saintlouis.fr\\\/?page_id=8803\",\"url\":\"https:\\\/\\\/www.traiteur-saintlouis.fr\\\/?page_id=8803\",\"name\":\"Traiteur - Traiteur Saint Louis\",\"isPartOf\":{\"@id\":\"https:\\\/\\\/www.traiteur-saintlouis.fr\\\/#website\"},\"datePublished\":\"2018-04-20T07:37:02+00:00\",\"dateModified\":\"2026-04-09T15:31:08+00:00\",\"description\":\"Besoin d'un \u00e9v\u00e8nement priv\u00e9 nous pouvons faire des cocktail dinatoire des buffet des mariage des communion des repas de famille des \u00e9v\u00e8nement sur mesure.\",\"breadcrumb\":{\"@id\":\"https:\\\/\\\/www.traiteur-saintlouis.fr\\\/?page_id=8803#breadcrumb\"},\"inLanguage\":\"fr-FR\",\"potentialAction\":[{\"@type\":\"ReadAction\",\"target\":[\"https:\\\/\\\/www.traiteur-saintlouis.fr\\\/?page_id=8803\"]}]},{\"@type\":\"BreadcrumbList\",\"@id\":\"https:\\\/\\\/www.traiteur-saintlouis.fr\\\/?page_id=8803#breadcrumb\",\"itemListElement\":[{\"@type\":\"ListItem\",\"position\":1,\"name\":\"Accueil\",\"item\":\"https:\\\/\\\/www.traiteur-saintlouis.fr\\\/\"},{\"@type\":\"ListItem\",\"position\":2,\"name\":\"Traiteur\"}]},{\"@type\":\"WebSite\",\"@id\":\"https:\\\/\\\/www.traiteur-saintlouis.fr\\\/#website\",\"url\":\"https:\\\/\\\/www.traiteur-saintlouis.fr\\\/\",\"name\":\"Traiteur Saint Louis\",\"description\":\"\",\"potentialAction\":[{\"@type\":\"SearchAction\",\"target\":{\"@type\":\"EntryPoint\",\"urlTemplate\":\"https:\\\/\\\/www.traiteur-saintlouis.fr\\\/?s={search_term_string}\"},\"query-input\":{\"@type\":\"PropertyValueSpecification\",\"valueRequired\":true,\"valueName\":\"search_term_string\"}}],\"inLanguage\":\"fr-FR\"}]}<\/script>\n<!-- \/ Yoast SEO plugin. -->","yoast_head_json":{"title":"Traiteur - Traiteur Saint Louis","description":"Besoin d'un \u00e9v\u00e8nement priv\u00e9 nous pouvons faire des cocktail dinatoire des buffet des mariage des communion des repas de famille des \u00e9v\u00e8nement sur mesure.","robots":{"index":"index","follow":"follow","max-snippet":"max-snippet:-1","max-image-preview":"max-image-preview:large","max-video-preview":"max-video-preview:-1"},"canonical":"https:\/\/www.traiteur-saintlouis.fr\/?page_id=8803","og_locale":"fr_FR","og_type":"article","og_title":"Traiteur - Traiteur Saint Louis","og_description":"Besoin d'un \u00e9v\u00e8nement priv\u00e9 nous pouvons faire des cocktail dinatoire des buffet des mariage des communion des repas de famille des \u00e9v\u00e8nement sur mesure.","og_url":"https:\/\/www.traiteur-saintlouis.fr\/?page_id=8803","og_site_name":"Traiteur Saint Louis","article_modified_time":"2026-04-09T15:31:08+00:00","twitter_card":"summary_large_image","twitter_misc":{"Dur\u00e9e de lecture estim\u00e9e":"4 minutes"},"schema":{"@context":"https:\/\/schema.org","@graph":[{"@type":"WebPage","@id":"https:\/\/www.traiteur-saintlouis.fr\/?page_id=8803","url":"https:\/\/www.traiteur-saintlouis.fr\/?page_id=8803","name":"Traiteur - Traiteur Saint Louis","isPartOf":{"@id":"https:\/\/www.traiteur-saintlouis.fr\/#website"},"datePublished":"2018-04-20T07:37:02+00:00","dateModified":"2026-04-09T15:31:08+00:00","description":"Besoin d'un \u00e9v\u00e8nement priv\u00e9 nous pouvons faire des cocktail dinatoire des buffet des mariage des communion des repas de famille des \u00e9v\u00e8nement sur mesure.","breadcrumb":{"@id":"https:\/\/www.traiteur-saintlouis.fr\/?page_id=8803#breadcrumb"},"inLanguage":"fr-FR","potentialAction":[{"@type":"ReadAction","target":["https:\/\/www.traiteur-saintlouis.fr\/?page_id=8803"]}]},{"@type":"BreadcrumbList","@id":"https:\/\/www.traiteur-saintlouis.fr\/?page_id=8803#breadcrumb","itemListElement":[{"@type":"ListItem","position":1,"name":"Accueil","item":"https:\/\/www.traiteur-saintlouis.fr\/"},{"@type":"ListItem","position":2,"name":"Traiteur"}]},{"@type":"WebSite","@id":"https:\/\/www.traiteur-saintlouis.fr\/#website","url":"https:\/\/www.traiteur-saintlouis.fr\/","name":"Traiteur Saint Louis","description":"","potentialAction":[{"@type":"SearchAction","target":{"@type":"EntryPoint","urlTemplate":"https:\/\/www.traiteur-saintlouis.fr\/?s={search_term_string}"},"query-input":{"@type":"PropertyValueSpecification","valueRequired":true,"valueName":"search_term_string"}}],"inLanguage":"fr-FR"}]}},"tpgb_featured_images":null,"tpgb_post_meta_info":{"get_date":"20 avril 2018","get_modified_date":"9 avril 2026","author_name":"admin","author_url":"https:\/\/www.traiteur-saintlouis.fr\/?author=1","author_email":"sgourlay@assistech.fr","author_website":"","author_description":"","author_facebook":"","author_twitter":"","author_instagram":"","author_role":["administrator"],"author_firstname":"","author_lastname":"","user_login":"mpalisson_g27afciq","author_avatar":"<img alt='' src='https:\/\/secure.gravatar.com\/avatar\/abc1cd86b31d3f971d1e7ef2b971026af741d136da3dca837fbb9bd2f86ef308?s=200&#038;d=mm&#038;r=g' srcset='https:\/\/secure.gravatar.com\/avatar\/abc1cd86b31d3f971d1e7ef2b971026af741d136da3dca837fbb9bd2f86ef308?s=400&#038;d=mm&#038;r=g 2x' class='avatar avatar-200 photo' height='200' width='200' loading='lazy' decoding='async'\/>","author_avatar_url":"https:\/\/secure.gravatar.com\/avatar\/abc1cd86b31d3f971d1e7ef2b971026af741d136da3dca837fbb9bd2f86ef308?s=96&d=mm&r=g","comment_count":0,"post_likes":0,"post_views":0},"tpgb_post_category":[],"_links":{"self":[{"href":"https:\/\/www.traiteur-saintlouis.fr\/index.php?rest_route=\/wp\/v2\/pages\/8803","targetHints":{"allow":["GET"]}}],"collection":[{"href":"https:\/\/www.traiteur-saintlouis.fr\/index.php?rest_route=\/wp\/v2\/pages"}],"about":[{"href":"https:\/\/www.traiteur-saintlouis.fr\/index.php?rest_route=\/wp\/v2\/types\/page"}],"author":[{"embeddable":true,"href":"https:\/\/www.traiteur-saintlouis.fr\/index.php?rest_route=\/wp\/v2\/users\/1"}],"replies":[{"embeddable":true,"href":"https:\/\/www.traiteur-saintlouis.fr\/index.php?rest_route=%2Fwp%2Fv2%2Fcomments&post=8803"}],"version-history":[{"count":24,"href":"https:\/\/www.traiteur-saintlouis.fr\/index.php?rest_route=\/wp\/v2\/pages\/8803\/revisions"}],"predecessor-version":[{"id":14777,"href":"https:\/\/www.traiteur-saintlouis.fr\/index.php?rest_route=\/wp\/v2\/pages\/8803\/revisions\/14777"}],"wp:attachment":[{"href":"https:\/\/www.traiteur-saintlouis.fr\/index.php?rest_route=%2Fwp%2Fv2%2Fmedia&parent=8803"}],"curies":[{"name":"wp","href":"https:\/\/api.w.org\/{rel}","templated":true}]}}