{"id":8912,"date":"2018-04-21T09:49:13","date_gmt":"2018-04-21T09:49:13","guid":{"rendered":"http:\/\/kudil.local\/?page_id=8912"},"modified":"2024-01-10T09:19:16","modified_gmt":"2024-01-10T09:19:16","slug":"reservation","status":"publish","type":"page","link":"https:\/\/www.traiteur-saintlouis.fr\/?page_id=8912","title":{"rendered":"Avis"},"content":{"rendered":"<section class=\"wpb-content-wrapper\"><p>[vc_row][vc_column el_align=\u00a0\u00bbcenter\u00a0\u00bb]<a href='https:\/\/www.google.com\/search?gs_ssp=eJzj4tZP1zcsyTI1rCiyNGC0UjWoMDFPNbOwNEtNMTUzTjZNMrYyqDBKtkxMMU8xMDMzNTJPtUzzki4pSswsSS0tUihOzMwrUcjJL80sVijIzywurgQAt-MZYQ&#038;q=traiteur+saint+louis+poissy&#038;rlz=1C1CHBD_frFR857FR857&#038;oq=traiteur+saint+&#038;aqs=chrome.1.69i57j46i175i199i512j69i59j0i512l6.6462j0j15&#038;sourceid=chrome&#038;ie=UTF-8#lrd=0x47e6896ed563c5b3:0x2c9ad7d066527e9f,1,,,,' target='_self' title='' class='dt-sc-button   large   filled  ' > Donnez votre avis <\/a>[\/vc_column][\/vc_row]<\/p>\n<\/section>","protected":false},"excerpt":{"rendered":"<p>[vc_row][vc_column el_align=\u00a0\u00bbcenter\u00a0\u00bb][\/vc_column][\/vc_row]<\/p>\n","protected":false},"author":1,"featured_media":0,"parent":0,"menu_order":0,"comment_status":"closed","ping_status":"closed","template":"","meta":{"tpgb_global_settings":"","footnotes":""},"class_list":["post-8912","page","type-page","status-publish","hentry"],"yoast_head":"<!-- This site is optimized with the Yoast SEO plugin v27.3 - https:\/\/yoast.com\/product\/yoast-seo-wordpress\/ -->\n<title>Avis - Traiteur Saint Louis<\/title>\n<meta name=\"description\" content=\"Laissez votre avis sur notre site web et aidez nous \u00e0 comprendre comment nous pouvous continuer \u00e0 vous offrir le meilleur service possible. Vos commentaires sont pr\u00e9cieux et contribuent \u00e0 cr\u00e9er une communaut\u00e9 en ligne dynamique.\" \/>\n<meta name=\"robots\" content=\"index, follow, max-snippet:-1, max-image-preview:large, max-video-preview:-1\" \/>\n<link rel=\"canonical\" href=\"https:\/\/www.traiteur-saintlouis.fr\/?page_id=8912\" \/>\n<meta property=\"og:locale\" content=\"fr_FR\" \/>\n<meta property=\"og:type\" content=\"article\" \/>\n<meta property=\"og:title\" content=\"Avis - Traiteur Saint Louis\" \/>\n<meta property=\"og:description\" content=\"Laissez votre avis sur notre site web et aidez nous \u00e0 comprendre comment nous pouvous continuer \u00e0 vous offrir le meilleur service possible. Vos commentaires sont pr\u00e9cieux et contribuent \u00e0 cr\u00e9er une communaut\u00e9 en ligne dynamique.\" \/>\n<meta property=\"og:url\" content=\"https:\/\/www.traiteur-saintlouis.fr\/?page_id=8912\" \/>\n<meta property=\"og:site_name\" content=\"Traiteur Saint Louis\" \/>\n<meta property=\"article:modified_time\" content=\"2024-01-10T09:19:16+00:00\" \/>\n<meta name=\"twitter:card\" content=\"summary_large_image\" \/>\n<meta name=\"twitter:label1\" content=\"Dur\u00e9e de lecture estim\u00e9e\" \/>\n\t<meta name=\"twitter:data1\" content=\"1 minute\" \/>\n<script type=\"application\/ld+json\" class=\"yoast-schema-graph\">{\"@context\":\"https:\\\/\\\/schema.org\",\"@graph\":[{\"@type\":\"WebPage\",\"@id\":\"https:\\\/\\\/www.traiteur-saintlouis.fr\\\/?page_id=8912\",\"url\":\"https:\\\/\\\/www.traiteur-saintlouis.fr\\\/?page_id=8912\",\"name\":\"Avis - Traiteur Saint Louis\",\"isPartOf\":{\"@id\":\"https:\\\/\\\/www.traiteur-saintlouis.fr\\\/#website\"},\"datePublished\":\"2018-04-21T09:49:13+00:00\",\"dateModified\":\"2024-01-10T09:19:16+00:00\",\"description\":\"Laissez votre avis sur notre site web et aidez nous \u00e0 comprendre comment nous pouvous continuer \u00e0 vous offrir le meilleur service possible. Vos commentaires sont pr\u00e9cieux et contribuent \u00e0 cr\u00e9er une communaut\u00e9 en ligne dynamique.\",\"breadcrumb\":{\"@id\":\"https:\\\/\\\/www.traiteur-saintlouis.fr\\\/?page_id=8912#breadcrumb\"},\"inLanguage\":\"fr-FR\",\"potentialAction\":[{\"@type\":\"ReadAction\",\"target\":[\"https:\\\/\\\/www.traiteur-saintlouis.fr\\\/?page_id=8912\"]}]},{\"@type\":\"BreadcrumbList\",\"@id\":\"https:\\\/\\\/www.traiteur-saintlouis.fr\\\/?page_id=8912#breadcrumb\",\"itemListElement\":[{\"@type\":\"ListItem\",\"position\":1,\"name\":\"Accueil\",\"item\":\"https:\\\/\\\/www.traiteur-saintlouis.fr\\\/\"},{\"@type\":\"ListItem\",\"position\":2,\"name\":\"Avis\"}]},{\"@type\":\"WebSite\",\"@id\":\"https:\\\/\\\/www.traiteur-saintlouis.fr\\\/#website\",\"url\":\"https:\\\/\\\/www.traiteur-saintlouis.fr\\\/\",\"name\":\"Traiteur Saint Louis\",\"description\":\"\",\"potentialAction\":[{\"@type\":\"SearchAction\",\"target\":{\"@type\":\"EntryPoint\",\"urlTemplate\":\"https:\\\/\\\/www.traiteur-saintlouis.fr\\\/?s={search_term_string}\"},\"query-input\":{\"@type\":\"PropertyValueSpecification\",\"valueRequired\":true,\"valueName\":\"search_term_string\"}}],\"inLanguage\":\"fr-FR\"}]}<\/script>\n<!-- \/ Yoast SEO plugin. -->","yoast_head_json":{"title":"Avis - Traiteur Saint Louis","description":"Laissez votre avis sur notre site web et aidez nous \u00e0 comprendre comment nous pouvous continuer \u00e0 vous offrir le meilleur service possible. Vos commentaires sont pr\u00e9cieux et contribuent \u00e0 cr\u00e9er une communaut\u00e9 en ligne dynamique.","robots":{"index":"index","follow":"follow","max-snippet":"max-snippet:-1","max-image-preview":"max-image-preview:large","max-video-preview":"max-video-preview:-1"},"canonical":"https:\/\/www.traiteur-saintlouis.fr\/?page_id=8912","og_locale":"fr_FR","og_type":"article","og_title":"Avis - Traiteur Saint Louis","og_description":"Laissez votre avis sur notre site web et aidez nous \u00e0 comprendre comment nous pouvous continuer \u00e0 vous offrir le meilleur service possible. Vos commentaires sont pr\u00e9cieux et contribuent \u00e0 cr\u00e9er une communaut\u00e9 en ligne dynamique.","og_url":"https:\/\/www.traiteur-saintlouis.fr\/?page_id=8912","og_site_name":"Traiteur Saint Louis","article_modified_time":"2024-01-10T09:19:16+00:00","twitter_card":"summary_large_image","twitter_misc":{"Dur\u00e9e de lecture estim\u00e9e":"1 minute"},"schema":{"@context":"https:\/\/schema.org","@graph":[{"@type":"WebPage","@id":"https:\/\/www.traiteur-saintlouis.fr\/?page_id=8912","url":"https:\/\/www.traiteur-saintlouis.fr\/?page_id=8912","name":"Avis - Traiteur Saint Louis","isPartOf":{"@id":"https:\/\/www.traiteur-saintlouis.fr\/#website"},"datePublished":"2018-04-21T09:49:13+00:00","dateModified":"2024-01-10T09:19:16+00:00","description":"Laissez votre avis sur notre site web et aidez nous \u00e0 comprendre comment nous pouvous continuer \u00e0 vous offrir le meilleur service possible. Vos commentaires sont pr\u00e9cieux et contribuent \u00e0 cr\u00e9er une communaut\u00e9 en ligne dynamique.","breadcrumb":{"@id":"https:\/\/www.traiteur-saintlouis.fr\/?page_id=8912#breadcrumb"},"inLanguage":"fr-FR","potentialAction":[{"@type":"ReadAction","target":["https:\/\/www.traiteur-saintlouis.fr\/?page_id=8912"]}]},{"@type":"BreadcrumbList","@id":"https:\/\/www.traiteur-saintlouis.fr\/?page_id=8912#breadcrumb","itemListElement":[{"@type":"ListItem","position":1,"name":"Accueil","item":"https:\/\/www.traiteur-saintlouis.fr\/"},{"@type":"ListItem","position":2,"name":"Avis"}]},{"@type":"WebSite","@id":"https:\/\/www.traiteur-saintlouis.fr\/#website","url":"https:\/\/www.traiteur-saintlouis.fr\/","name":"Traiteur Saint Louis","description":"","potentialAction":[{"@type":"SearchAction","target":{"@type":"EntryPoint","urlTemplate":"https:\/\/www.traiteur-saintlouis.fr\/?s={search_term_string}"},"query-input":{"@type":"PropertyValueSpecification","valueRequired":true,"valueName":"search_term_string"}}],"inLanguage":"fr-FR"}]}},"tpgb_featured_images":null,"tpgb_post_meta_info":{"get_date":"21 avril 2018","get_modified_date":"10 janvier 2024","author_name":"admin","author_url":"https:\/\/www.traiteur-saintlouis.fr\/?author=1","author_email":"sgourlay@assistech.fr","author_website":"","author_description":"","author_facebook":"","author_twitter":"","author_instagram":"","author_role":["administrator"],"author_firstname":"","author_lastname":"","user_login":"mpalisson_g27afciq","author_avatar":"<img alt='' src='https:\/\/secure.gravatar.com\/avatar\/abc1cd86b31d3f971d1e7ef2b971026af741d136da3dca837fbb9bd2f86ef308?s=200&#038;d=mm&#038;r=g' srcset='https:\/\/secure.gravatar.com\/avatar\/abc1cd86b31d3f971d1e7ef2b971026af741d136da3dca837fbb9bd2f86ef308?s=400&#038;d=mm&#038;r=g 2x' class='avatar avatar-200 photo' height='200' width='200' loading='lazy' decoding='async'\/>","author_avatar_url":"https:\/\/secure.gravatar.com\/avatar\/abc1cd86b31d3f971d1e7ef2b971026af741d136da3dca837fbb9bd2f86ef308?s=96&d=mm&r=g","comment_count":0,"post_likes":0,"post_views":0},"tpgb_post_category":[],"_links":{"self":[{"href":"https:\/\/www.traiteur-saintlouis.fr\/index.php?rest_route=\/wp\/v2\/pages\/8912","targetHints":{"allow":["GET"]}}],"collection":[{"href":"https:\/\/www.traiteur-saintlouis.fr\/index.php?rest_route=\/wp\/v2\/pages"}],"about":[{"href":"https:\/\/www.traiteur-saintlouis.fr\/index.php?rest_route=\/wp\/v2\/types\/page"}],"author":[{"embeddable":true,"href":"https:\/\/www.traiteur-saintlouis.fr\/index.php?rest_route=\/wp\/v2\/users\/1"}],"replies":[{"embeddable":true,"href":"https:\/\/www.traiteur-saintlouis.fr\/index.php?rest_route=%2Fwp%2Fv2%2Fcomments&post=8912"}],"version-history":[{"count":3,"href":"https:\/\/www.traiteur-saintlouis.fr\/index.php?rest_route=\/wp\/v2\/pages\/8912\/revisions"}],"predecessor-version":[{"id":14049,"href":"https:\/\/www.traiteur-saintlouis.fr\/index.php?rest_route=\/wp\/v2\/pages\/8912\/revisions\/14049"}],"wp:attachment":[{"href":"https:\/\/www.traiteur-saintlouis.fr\/index.php?rest_route=%2Fwp%2Fv2%2Fmedia&parent=8912"}],"curies":[{"name":"wp","href":"https:\/\/api.w.org\/{rel}","templated":true}]}}