{"id":14176,"date":"2023-04-25T13:07:50","date_gmt":"2023-04-25T13:07:50","guid":{"rendered":"https:\/\/www.traiteur-saintlouis.fr\/?post_type=product&#038;p=14176"},"modified":"2026-01-15T15:19:32","modified_gmt":"2026-01-15T15:19:32","slug":"buffet-saint-louis-par-personne","status":"publish","type":"product","link":"https:\/\/www.traiteur-saintlouis.fr\/?product=buffet-saint-louis-par-personne","title":{"rendered":"Buffet Saint Louis (Par personne)"},"content":{"rendered":"<ul>\n<li>Arlequin d\u2019avocat aux \u00e9crevisses<\/li>\n<li>P\u00e2t\u00e9 en croute<\/li>\n<li>Terrine de poissons<\/li>\n<li>Assortiments de crudit\u00e9s<\/li>\n<li>Cascade de rosbeef et porc<\/li>\n<li>Plateau de fromage<\/li>\n<\/ul>\n","protected":false},"excerpt":{"rendered":"<p>Arlequin d\u2019avocat aux \u00e9crevisses P\u00e2t\u00e9 en croute Terrine de poissons Assortiments de crudit\u00e9s Cascade de rosbeef et porc Plateau de fromage<\/p>\n","protected":false},"featured_media":0,"template":"","meta":{"tpgb_global_settings":""},"product_brand":[],"product_cat":[110],"product_tag":[],"class_list":{"0":"post-14176","1":"product","2":"type-product","3":"status-publish","5":"product_cat-buffets","7":"first","8":"instock","9":"shipping-taxable","10":"product-type-simple"},"yoast_head":"<!-- This site is optimized with the Yoast SEO plugin v27.3 - https:\/\/yoast.com\/product\/yoast-seo-wordpress\/ -->\n<title>Buffet Saint Louis (Par personne) - Traiteur Saint Louis<\/title>\n<meta name=\"robots\" content=\"index, follow, max-snippet:-1, max-image-preview:large, max-video-preview:-1\" \/>\n<link rel=\"canonical\" href=\"https:\/\/www.traiteur-saintlouis.fr\/?product=buffet-saint-louis-par-personne\" \/>\n<meta property=\"og:locale\" content=\"fr_FR\" \/>\n<meta property=\"og:type\" content=\"article\" \/>\n<meta property=\"og:title\" content=\"Buffet Saint Louis (Par personne) - Traiteur Saint Louis\" \/>\n<meta property=\"og:description\" content=\"Arlequin d\u2019avocat aux \u00e9crevisses P\u00e2t\u00e9 en croute Terrine de poissons Assortiments de crudit\u00e9s Cascade de rosbeef et porc Plateau de fromage\" \/>\n<meta property=\"og:url\" content=\"https:\/\/www.traiteur-saintlouis.fr\/?product=buffet-saint-louis-par-personne\" \/>\n<meta property=\"og:site_name\" content=\"Traiteur Saint Louis\" \/>\n<meta property=\"article:modified_time\" content=\"2026-01-15T15:19:32+00:00\" \/>\n<meta name=\"twitter:card\" content=\"summary_large_image\" \/>\n<meta name=\"twitter:label1\" content=\"Dur\u00e9e de lecture estim\u00e9e\" \/>\n\t<meta name=\"twitter:data1\" content=\"1 minute\" \/>\n<script type=\"application\/ld+json\" class=\"yoast-schema-graph\">{\"@context\":\"https:\\\/\\\/schema.org\",\"@graph\":[{\"@type\":\"WebPage\",\"@id\":\"https:\\\/\\\/www.traiteur-saintlouis.fr\\\/?product=buffet-saint-louis-par-personne\",\"url\":\"https:\\\/\\\/www.traiteur-saintlouis.fr\\\/?product=buffet-saint-louis-par-personne\",\"name\":\"Buffet Saint Louis (Par personne) - Traiteur Saint Louis\",\"isPartOf\":{\"@id\":\"https:\\\/\\\/www.traiteur-saintlouis.fr\\\/#website\"},\"datePublished\":\"2023-04-25T13:07:50+00:00\",\"dateModified\":\"2026-01-15T15:19:32+00:00\",\"breadcrumb\":{\"@id\":\"https:\\\/\\\/www.traiteur-saintlouis.fr\\\/?product=buffet-saint-louis-par-personne#breadcrumb\"},\"inLanguage\":\"fr-FR\",\"potentialAction\":[{\"@type\":\"ReadAction\",\"target\":[\"https:\\\/\\\/www.traiteur-saintlouis.fr\\\/?product=buffet-saint-louis-par-personne\"]}]},{\"@type\":\"BreadcrumbList\",\"@id\":\"https:\\\/\\\/www.traiteur-saintlouis.fr\\\/?product=buffet-saint-louis-par-personne#breadcrumb\",\"itemListElement\":[{\"@type\":\"ListItem\",\"position\":1,\"name\":\"Accueil\",\"item\":\"https:\\\/\\\/www.traiteur-saintlouis.fr\\\/\"},{\"@type\":\"ListItem\",\"position\":2,\"name\":\"Produits\",\"item\":\"https:\\\/\\\/www.traiteur-saintlouis.fr\\\/?post_type=product\"},{\"@type\":\"ListItem\",\"position\":3,\"name\":\"Buffet Saint Louis (Par personne)\"}]},{\"@type\":\"WebSite\",\"@id\":\"https:\\\/\\\/www.traiteur-saintlouis.fr\\\/#website\",\"url\":\"https:\\\/\\\/www.traiteur-saintlouis.fr\\\/\",\"name\":\"Traiteur Saint Louis\",\"description\":\"\",\"potentialAction\":[{\"@type\":\"SearchAction\",\"target\":{\"@type\":\"EntryPoint\",\"urlTemplate\":\"https:\\\/\\\/www.traiteur-saintlouis.fr\\\/?s={search_term_string}\"},\"query-input\":{\"@type\":\"PropertyValueSpecification\",\"valueRequired\":true,\"valueName\":\"search_term_string\"}}],\"inLanguage\":\"fr-FR\"}]}<\/script>\n<!-- \/ Yoast SEO plugin. -->","yoast_head_json":{"title":"Buffet Saint Louis (Par personne) - Traiteur Saint Louis","robots":{"index":"index","follow":"follow","max-snippet":"max-snippet:-1","max-image-preview":"max-image-preview:large","max-video-preview":"max-video-preview:-1"},"canonical":"https:\/\/www.traiteur-saintlouis.fr\/?product=buffet-saint-louis-par-personne","og_locale":"fr_FR","og_type":"article","og_title":"Buffet Saint Louis (Par personne) - Traiteur Saint Louis","og_description":"Arlequin d\u2019avocat aux \u00e9crevisses P\u00e2t\u00e9 en croute Terrine de poissons Assortiments de crudit\u00e9s Cascade de rosbeef et porc Plateau de fromage","og_url":"https:\/\/www.traiteur-saintlouis.fr\/?product=buffet-saint-louis-par-personne","og_site_name":"Traiteur Saint Louis","article_modified_time":"2026-01-15T15:19:32+00:00","twitter_card":"summary_large_image","twitter_misc":{"Dur\u00e9e de lecture estim\u00e9e":"1 minute"},"schema":{"@context":"https:\/\/schema.org","@graph":[{"@type":"WebPage","@id":"https:\/\/www.traiteur-saintlouis.fr\/?product=buffet-saint-louis-par-personne","url":"https:\/\/www.traiteur-saintlouis.fr\/?product=buffet-saint-louis-par-personne","name":"Buffet Saint Louis (Par personne) - Traiteur Saint Louis","isPartOf":{"@id":"https:\/\/www.traiteur-saintlouis.fr\/#website"},"datePublished":"2023-04-25T13:07:50+00:00","dateModified":"2026-01-15T15:19:32+00:00","breadcrumb":{"@id":"https:\/\/www.traiteur-saintlouis.fr\/?product=buffet-saint-louis-par-personne#breadcrumb"},"inLanguage":"fr-FR","potentialAction":[{"@type":"ReadAction","target":["https:\/\/www.traiteur-saintlouis.fr\/?product=buffet-saint-louis-par-personne"]}]},{"@type":"BreadcrumbList","@id":"https:\/\/www.traiteur-saintlouis.fr\/?product=buffet-saint-louis-par-personne#breadcrumb","itemListElement":[{"@type":"ListItem","position":1,"name":"Accueil","item":"https:\/\/www.traiteur-saintlouis.fr\/"},{"@type":"ListItem","position":2,"name":"Produits","item":"https:\/\/www.traiteur-saintlouis.fr\/?post_type=product"},{"@type":"ListItem","position":3,"name":"Buffet Saint Louis (Par personne)"}]},{"@type":"WebSite","@id":"https:\/\/www.traiteur-saintlouis.fr\/#website","url":"https:\/\/www.traiteur-saintlouis.fr\/","name":"Traiteur Saint Louis","description":"","potentialAction":[{"@type":"SearchAction","target":{"@type":"EntryPoint","urlTemplate":"https:\/\/www.traiteur-saintlouis.fr\/?s={search_term_string}"},"query-input":{"@type":"PropertyValueSpecification","valueRequired":true,"valueName":"search_term_string"}}],"inLanguage":"fr-FR"}]}},"tpgb_featured_images":null,"tpgb_post_meta_info":{"get_date":"25 avril 2023","get_modified_date":"15 janvier 2026","category_list":{"product_brand":false,"product_cat":[{"term_id":110,"name":"Buffets","slug":"buffets","term_group":0,"term_taxonomy_id":110,"taxonomy":"product_cat","description":"","parent":0,"count":3,"filter":"raw"}],"product_tag":false},"comment_count":0,"post_likes":0,"post_views":0},"tpgb_post_category":{"product_cat":"<a href=\"https:\/\/www.traiteur-saintlouis.fr\/?product_cat=buffets\" alt=\"Buffets\"  class=\"product_cat-buffets\">Buffets<\/a> "},"tpgb_product_data":{"price_html":"<span class=\"woocommerce-Price-amount amount\"><bdi>24.50<span class=\"woocommerce-Price-currencySymbol\">&euro;<\/span><\/bdi><\/span>","type":"simple","gallery":false,"category":"Buffets","procatslug":"buffets"},"_links":{"self":[{"href":"https:\/\/www.traiteur-saintlouis.fr\/index.php?rest_route=\/wp\/v2\/product\/14176","targetHints":{"allow":["GET"]}}],"collection":[{"href":"https:\/\/www.traiteur-saintlouis.fr\/index.php?rest_route=\/wp\/v2\/product"}],"about":[{"href":"https:\/\/www.traiteur-saintlouis.fr\/index.php?rest_route=\/wp\/v2\/types\/product"}],"wp:attachment":[{"href":"https:\/\/www.traiteur-saintlouis.fr\/index.php?rest_route=%2Fwp%2Fv2%2Fmedia&parent=14176"}],"wp:term":[{"taxonomy":"product_brand","embeddable":true,"href":"https:\/\/www.traiteur-saintlouis.fr\/index.php?rest_route=%2Fwp%2Fv2%2Fproduct_brand&post=14176"},{"taxonomy":"product_cat","embeddable":true,"href":"https:\/\/www.traiteur-saintlouis.fr\/index.php?rest_route=%2Fwp%2Fv2%2Fproduct_cat&post=14176"},{"taxonomy":"product_tag","embeddable":true,"href":"https:\/\/www.traiteur-saintlouis.fr\/index.php?rest_route=%2Fwp%2Fv2%2Fproduct_tag&post=14176"}],"curies":[{"name":"wp","href":"https:\/\/api.w.org\/{rel}","templated":true}]}}